{"id":255,"date":"2024-09-02T21:00:18","date_gmt":"2024-09-02T19:00:18","guid":{"rendered":"https:\/\/lemonswing.freebyte.fr\/?page_id=255"},"modified":"2024-09-09T19:25:12","modified_gmt":"2024-09-09T17:25:12","slug":"la-team-transmission","status":"publish","type":"page","link":"https:\/\/lemonswing.freebyte.fr\/?page_id=255","title":{"rendered":"La Team Transmission"},"content":{"rendered":"\n<p>L&rsquo;association Lemon Swing ne salarie pas de professeur.es dipl\u00f4m\u00e9.es pour l&rsquo;organisation des cours \u00e0 l&rsquo;ann\u00e9e. La p\u00e9dagogie est assur\u00e9e par des b\u00e9n\u00e9voles de l&rsquo;association, toutes et tous passionn\u00e9.es et ayant plusieurs ann\u00e9es de pratique lindy hop, solo jazz voire m\u00eame d&rsquo;autres danses. <\/p>\n\n\n\t\t\t\t\t<div\n\t\t\t\t\t\tclass=\"wp-block-uagb-image-gallery uagb-block-1d5886b2     \"\n\t\t\t\t\t\tstyle=\"\"\n\t\t\t\t\t>\n\t\t\t\t\t\t\t\t\t\t\t<div class=\"spectra-image-gallery spectra-image-gallery__layout--grid spectra-image-gallery__layout--grid-col-3 spectra-image-gallery__layout--grid-col-tab-4 spectra-image-gallery__layout--grid-col-mob-3\">\n\t\t\t\t\t\t\t\t\t\t\t<div class='spectra-image-gallery__media-wrapper' data-spectra-gallery-image-id='376' tabindex=\"0\">\n\t\t\t\t\t\t\t<div class=\"spectra-image-gallery__media spectra-image-gallery__media--grid\">\n\t\t\t\t<picture>\n\t\t\t\t\t<source media=\"(min-width: 1024px)\" srcset=\"https:\/\/lemonswing.freebyte.fr\/wp-content\/uploads\/2024\/09\/lflo-lemon-swing-transmetteurs-49-977x1024.jpg\">\n\t\t\t\t\t<source media=\"(min-width: 768px)\" srcset=\"https:\/\/lemonswing.freebyte.fr\/wp-content\/uploads\/2024\/09\/lflo-lemon-swing-transmetteurs-49-977x1024.jpg\">\n\t\t\t\t\t<img decoding=\"async\" class=\"spectra-image-gallery__media-thumbnail spectra-image-gallery__media-thumbnail--grid\" src=\"https:\/\/lemonswing.freebyte.fr\/wp-content\/uploads\/2024\/09\/lflo-lemon-swing-transmetteurs-49-286x300.jpg\" alt=\"\" loading=\"lazy\" \/>\n\t\t\t\t<\/picture>\n\t\t\t\t<div class=\"spectra-image-gallery__media-thumbnail-blurrer\"><\/div>\n\t\t\t\t\t\t\t\t\t\t\t<div class=\"spectra-image-gallery__media-thumbnail-caption-wrapper spectra-image-gallery__media-thumbnail-caption-wrapper--overlay\">\n\t\t\t\t\t\t\t\t\t\t\t<div class=\"spectra-image-gallery__media-thumbnail-caption spectra-image-gallery__media-thumbnail-caption--overlay\">\n\t\t\t\t\tAline\t\t\t\t<\/div>\n\t\t\t\t\t\t\t\t\t\t<\/div>\n\t\t\t\t\t\t\t\t\t<\/div>\n\t\t\t\t\t\t<\/div>\n\t\t\t\t\t\t<div class='spectra-image-gallery__media-wrapper' data-spectra-gallery-image-id='496' tabindex=\"0\">\n\t\t\t\t\t\t\t<div class=\"spectra-image-gallery__media spectra-image-gallery__media--grid\">\n\t\t\t\t<picture>\n\t\t\t\t\t<source media=\"(min-width: 1024px)\" srcset=\"https:\/\/lemonswing.freebyte.fr\/wp-content\/uploads\/2024\/09\/Design-sans-titre-10-1024x1024.png\">\n\t\t\t\t\t<source media=\"(min-width: 768px)\" srcset=\"https:\/\/lemonswing.freebyte.fr\/wp-content\/uploads\/2024\/09\/Design-sans-titre-10-1024x1024.png\">\n\t\t\t\t\t<img decoding=\"async\" class=\"spectra-image-gallery__media-thumbnail spectra-image-gallery__media-thumbnail--grid\" src=\"https:\/\/lemonswing.freebyte.fr\/wp-content\/uploads\/2024\/09\/Design-sans-titre-10-300x300.png\" alt=\"Micka\" loading=\"lazy\" \/>\n\t\t\t\t<\/picture>\n\t\t\t\t<div class=\"spectra-image-gallery__media-thumbnail-blurrer\"><\/div>\n\t\t\t\t\t\t\t\t\t\t\t<div class=\"spectra-image-gallery__media-thumbnail-caption-wrapper spectra-image-gallery__media-thumbnail-caption-wrapper--overlay\">\n\t\t\t\t\t\t\t\t\t\t\t<div class=\"spectra-image-gallery__media-thumbnail-caption spectra-image-gallery__media-thumbnail-caption--overlay\">\n\t\t\t\t\tMicka\t\t\t\t<\/div>\n\t\t\t\t\t\t\t\t\t\t<\/div>\n\t\t\t\t\t\t\t\t\t<\/div>\n\t\t\t\t\t\t<\/div>\n\t\t\t\t\t\t<div class='spectra-image-gallery__media-wrapper' data-spectra-gallery-image-id='375' tabindex=\"0\">\n\t\t\t\t\t\t\t<div class=\"spectra-image-gallery__media spectra-image-gallery__media--grid\">\n\t\t\t\t<picture>\n\t\t\t\t\t<source media=\"(min-width: 1024px)\" srcset=\"https:\/\/lemonswing.freebyte.fr\/wp-content\/uploads\/2024\/09\/lflo-lemon-swing-transmetteurs-32-1-1024x827.jpg\">\n\t\t\t\t\t<source media=\"(min-width: 768px)\" srcset=\"https:\/\/lemonswing.freebyte.fr\/wp-content\/uploads\/2024\/09\/lflo-lemon-swing-transmetteurs-32-1-1024x827.jpg\">\n\t\t\t\t\t<img decoding=\"async\" class=\"spectra-image-gallery__media-thumbnail spectra-image-gallery__media-thumbnail--grid\" src=\"https:\/\/lemonswing.freebyte.fr\/wp-content\/uploads\/2024\/09\/lflo-lemon-swing-transmetteurs-32-1-300x242.jpg\" alt=\"\" loading=\"lazy\" \/>\n\t\t\t\t<\/picture>\n\t\t\t\t<div class=\"spectra-image-gallery__media-thumbnail-blurrer\"><\/div>\n\t\t\t\t\t\t\t\t\t\t\t<div class=\"spectra-image-gallery__media-thumbnail-caption-wrapper spectra-image-gallery__media-thumbnail-caption-wrapper--overlay\">\n\t\t\t\t\t\t\t\t\t\t\t<div class=\"spectra-image-gallery__media-thumbnail-caption spectra-image-gallery__media-thumbnail-caption--overlay\">\n\t\t\t\t\tSandrine\t\t\t\t<\/div>\n\t\t\t\t\t\t\t\t\t\t<\/div>\n\t\t\t\t\t\t\t\t\t<\/div>\n\t\t\t\t\t\t<\/div>\n\t\t\t\t\t\t<div class='spectra-image-gallery__media-wrapper' data-spectra-gallery-image-id='495' tabindex=\"0\">\n\t\t\t\t\t\t\t<div class=\"spectra-image-gallery__media spectra-image-gallery__media--grid\">\n\t\t\t\t<picture>\n\t\t\t\t\t<source media=\"(min-width: 1024px)\" srcset=\"https:\/\/lemonswing.freebyte.fr\/wp-content\/uploads\/2024\/09\/Design-sans-titre-9-1024x1024.png\">\n\t\t\t\t\t<source media=\"(min-width: 768px)\" srcset=\"https:\/\/lemonswing.freebyte.fr\/wp-content\/uploads\/2024\/09\/Design-sans-titre-9-1024x1024.png\">\n\t\t\t\t\t<img decoding=\"async\" class=\"spectra-image-gallery__media-thumbnail spectra-image-gallery__media-thumbnail--grid\" src=\"https:\/\/lemonswing.freebyte.fr\/wp-content\/uploads\/2024\/09\/Design-sans-titre-9-300x300.png\" alt=\"Quentin\" loading=\"lazy\" \/>\n\t\t\t\t<\/picture>\n\t\t\t\t<div class=\"spectra-image-gallery__media-thumbnail-blurrer\"><\/div>\n\t\t\t\t\t\t\t\t\t\t\t<div class=\"spectra-image-gallery__media-thumbnail-caption-wrapper spectra-image-gallery__media-thumbnail-caption-wrapper--overlay\">\n\t\t\t\t\t\t\t\t\t\t\t<div class=\"spectra-image-gallery__media-thumbnail-caption spectra-image-gallery__media-thumbnail-caption--overlay\">\n\t\t\t\t\tQuentin\t\t\t\t<\/div>\n\t\t\t\t\t\t\t\t\t\t<\/div>\n\t\t\t\t\t\t\t\t\t<\/div>\n\t\t\t\t\t\t<\/div>\n\t\t\t\t\t\t<div class='spectra-image-gallery__media-wrapper' data-spectra-gallery-image-id='494' tabindex=\"0\">\n\t\t\t\t\t\t\t<div class=\"spectra-image-gallery__media spectra-image-gallery__media--grid\">\n\t\t\t\t<picture>\n\t\t\t\t\t<source media=\"(min-width: 1024px)\" srcset=\"https:\/\/lemonswing.freebyte.fr\/wp-content\/uploads\/2024\/09\/Design-sans-titre-8-1024x1024.png\">\n\t\t\t\t\t<source media=\"(min-width: 768px)\" srcset=\"https:\/\/lemonswing.freebyte.fr\/wp-content\/uploads\/2024\/09\/Design-sans-titre-8-1024x1024.png\">\n\t\t\t\t\t<img decoding=\"async\" class=\"spectra-image-gallery__media-thumbnail spectra-image-gallery__media-thumbnail--grid\" src=\"https:\/\/lemonswing.freebyte.fr\/wp-content\/uploads\/2024\/09\/Design-sans-titre-8-300x300.png\" alt=\"L\u00e9na\" loading=\"lazy\" \/>\n\t\t\t\t<\/picture>\n\t\t\t\t<div class=\"spectra-image-gallery__media-thumbnail-blurrer\"><\/div>\n\t\t\t\t\t\t\t\t\t\t\t<div class=\"spectra-image-gallery__media-thumbnail-caption-wrapper spectra-image-gallery__media-thumbnail-caption-wrapper--overlay\">\n\t\t\t\t\t\t\t\t\t\t\t<div class=\"spectra-image-gallery__media-thumbnail-caption spectra-image-gallery__media-thumbnail-caption--overlay\">\n\t\t\t\t\tL\u00e9na\t\t\t\t<\/div>\n\t\t\t\t\t\t\t\t\t\t<\/div>\n\t\t\t\t\t\t\t\t\t<\/div>\n\t\t\t\t\t\t<\/div>\n\t\t\t\t\t\t<div class='spectra-image-gallery__media-wrapper' data-spectra-gallery-image-id='498' tabindex=\"0\">\n\t\t\t\t\t\t\t<div class=\"spectra-image-gallery__media spectra-image-gallery__media--grid\">\n\t\t\t\t<picture>\n\t\t\t\t\t<source media=\"(min-width: 1024px)\" srcset=\"https:\/\/lemonswing.freebyte.fr\/wp-content\/uploads\/2024\/09\/Design-sans-titre-12-1024x1024.png\">\n\t\t\t\t\t<source media=\"(min-width: 768px)\" srcset=\"https:\/\/lemonswing.freebyte.fr\/wp-content\/uploads\/2024\/09\/Design-sans-titre-12-1024x1024.png\">\n\t\t\t\t\t<img decoding=\"async\" class=\"spectra-image-gallery__media-thumbnail spectra-image-gallery__media-thumbnail--grid\" src=\"https:\/\/lemonswing.freebyte.fr\/wp-content\/uploads\/2024\/09\/Design-sans-titre-12-300x300.png\" alt=\"\" loading=\"lazy\" \/>\n\t\t\t\t<\/picture>\n\t\t\t\t<div class=\"spectra-image-gallery__media-thumbnail-blurrer\"><\/div>\n\t\t\t\t\t\t\t\t\t\t\t<div class=\"spectra-image-gallery__media-thumbnail-caption-wrapper spectra-image-gallery__media-thumbnail-caption-wrapper--overlay\">\n\t\t\t\t\t\t\t\t\t\t\t<div class=\"spectra-image-gallery__media-thumbnail-caption spectra-image-gallery__media-thumbnail-caption--overlay\">\n\t\t\t\t\tNina\t\t\t\t<\/div>\n\t\t\t\t\t\t\t\t\t\t<\/div>\n\t\t\t\t\t\t\t\t\t<\/div>\n\t\t\t\t\t\t<\/div>\n\t\t\t\t\t\t\t\t\t\t<\/div>\n\t\t\t\t\t\t\t\t\t\t\t\t\t\t\t\t\t\t<\/div>\n\t\t\t\t\t\t\t\t\t\n\n\n<h2 class=\"wp-block-heading\"><strong>Transmettrices et transmetteurs par niveau<\/strong><\/h2>\n\n\n\n<h3 class=\"wp-block-heading\">Lindy Hop 1 : fondamentaux<\/h3>\n\n\n\n<p>Les cours de Lindy Hop 1 sont assur\u00e9s par L\u00e9na et Nina au Clos des Rocs le mercredi de 19h30 \u00e0 20h30<\/p>\n\n\n\n<figure class=\"wp-block-image size-large is-style-default\"><img loading=\"lazy\" decoding=\"async\" width=\"1024\" height=\"674\" src=\"https:\/\/lemonswing.freebyte.fr\/wp-content\/uploads\/2024\/09\/lflo-lemon-swing-transmetteurs-62-1024x674.jpg\" alt=\"L\u00e9na (\u00e0 gauche) et Nina (\u00e0 droite) dansent le Lindy Hop.\" class=\"wp-image-378\" srcset=\"https:\/\/lemonswing.freebyte.fr\/wp-content\/uploads\/2024\/09\/lflo-lemon-swing-transmetteurs-62-1024x674.jpg 1024w, https:\/\/lemonswing.freebyte.fr\/wp-content\/uploads\/2024\/09\/lflo-lemon-swing-transmetteurs-62-300x198.jpg 300w, https:\/\/lemonswing.freebyte.fr\/wp-content\/uploads\/2024\/09\/lflo-lemon-swing-transmetteurs-62-768x506.jpg 768w, https:\/\/lemonswing.freebyte.fr\/wp-content\/uploads\/2024\/09\/lflo-lemon-swing-transmetteurs-62-1200x790.jpg 1200w, https:\/\/lemonswing.freebyte.fr\/wp-content\/uploads\/2024\/09\/lflo-lemon-swing-transmetteurs-62.jpg 1280w\" sizes=\"auto, (max-width: 1024px) 100vw, 1024px\" \/><\/figure>\n\n\n\n<h3 class=\"wp-block-heading\">Lindy Hop 2 : approfondissement<\/h3>\n\n\n\n<p>Les cours de Lindy Hop 2 sont assur\u00e9s par Aline et Micka au Centre socioculturel de la Blaiserie le lundi soir de 20h45 \u00e0 22h15.<\/p>\n\n\n\n<figure class=\"wp-block-image size-large is-style-default\"><img loading=\"lazy\" decoding=\"async\" width=\"1024\" height=\"683\" src=\"https:\/\/lemonswing.freebyte.fr\/wp-content\/uploads\/2024\/09\/lflo-lemon-swing-transmetteurs-71-1024x683.jpg\" alt=\"Micka (\u00e0 gauche) et Aline (\u00e0 droite) dansent le Lindy Hop.\" class=\"wp-image-379\" srcset=\"https:\/\/lemonswing.freebyte.fr\/wp-content\/uploads\/2024\/09\/lflo-lemon-swing-transmetteurs-71-1024x683.jpg 1024w, https:\/\/lemonswing.freebyte.fr\/wp-content\/uploads\/2024\/09\/lflo-lemon-swing-transmetteurs-71-300x200.jpg 300w, https:\/\/lemonswing.freebyte.fr\/wp-content\/uploads\/2024\/09\/lflo-lemon-swing-transmetteurs-71-768x512.jpg 768w, https:\/\/lemonswing.freebyte.fr\/wp-content\/uploads\/2024\/09\/lflo-lemon-swing-transmetteurs-71-1200x801.jpg 1200w, https:\/\/lemonswing.freebyte.fr\/wp-content\/uploads\/2024\/09\/lflo-lemon-swing-transmetteurs-71.jpg 1280w\" sizes=\"auto, (max-width: 1024px) 100vw, 1024px\" \/><\/figure>\n\n\n\n<h3 class=\"wp-block-heading\">Lindy Hop 3 : exploration<\/h3>\n\n\n\n<p>Les cours de Lindy Hop 3 sont assur\u00e9s par Sandrine et Quentin au Centre socioculturel de la Blaiserie le lundi soir de 19h \u00e0 20h30.<\/p>\n\n\n\n<figure class=\"wp-block-image size-large is-style-default\"><img loading=\"lazy\" decoding=\"async\" width=\"1024\" height=\"642\" src=\"https:\/\/lemonswing.freebyte.fr\/wp-content\/uploads\/2024\/09\/lflo-lemon-swing-transmetteur-QS-nb-1-1024x642.jpg\" alt=\"\" class=\"wp-image-519\" srcset=\"https:\/\/lemonswing.freebyte.fr\/wp-content\/uploads\/2024\/09\/lflo-lemon-swing-transmetteur-QS-nb-1-1024x642.jpg 1024w, https:\/\/lemonswing.freebyte.fr\/wp-content\/uploads\/2024\/09\/lflo-lemon-swing-transmetteur-QS-nb-1-300x188.jpg 300w, https:\/\/lemonswing.freebyte.fr\/wp-content\/uploads\/2024\/09\/lflo-lemon-swing-transmetteur-QS-nb-1-768x482.jpg 768w, https:\/\/lemonswing.freebyte.fr\/wp-content\/uploads\/2024\/09\/lflo-lemon-swing-transmetteur-QS-nb-1-1200x753.jpg 1200w, https:\/\/lemonswing.freebyte.fr\/wp-content\/uploads\/2024\/09\/lflo-lemon-swing-transmetteur-QS-nb-1.jpg 1280w\" sizes=\"auto, (max-width: 1024px) 100vw, 1024px\" \/><\/figure>\n\n\n\n<h3 class=\"wp-block-heading\">Solo Jazz (tous niveaux)<\/h3>\n\n\n\n<p>Les cours de Solo Jazz sont assur\u00e9s par L\u00e9na et Nina au Clos des Rocs le mercredi soir de 20h45 \u00e0 22h15.<\/p>\n\n\n\n<figure class=\"wp-block-image size-large is-style-default\"><img loading=\"lazy\" decoding=\"async\" width=\"720\" height=\"1024\" src=\"https:\/\/lemonswing.freebyte.fr\/wp-content\/uploads\/2024\/09\/lflo-lemon-swing-transmetteurs-60-720x1024.jpg\" alt=\"Nina (\u00e0 gauche) et L\u00e9na (\u00e0 droite) dansent le Solo Jazz.\" class=\"wp-image-381\" srcset=\"https:\/\/lemonswing.freebyte.fr\/wp-content\/uploads\/2024\/09\/lflo-lemon-swing-transmetteurs-60-720x1024.jpg 720w, https:\/\/lemonswing.freebyte.fr\/wp-content\/uploads\/2024\/09\/lflo-lemon-swing-transmetteurs-60-211x300.jpg 211w, https:\/\/lemonswing.freebyte.fr\/wp-content\/uploads\/2024\/09\/lflo-lemon-swing-transmetteurs-60-768x1092.jpg 768w, https:\/\/lemonswing.freebyte.fr\/wp-content\/uploads\/2024\/09\/lflo-lemon-swing-transmetteurs-60.jpg 900w\" sizes=\"auto, (max-width: 720px) 100vw, 720px\" \/><\/figure>\n\n\n\n<p><\/p>\n","protected":false},"excerpt":{"rendered":"<p>L&rsquo;association Lemon Swing ne salarie pas de professeur.es dipl\u00f4m\u00e9.es pour l&rsquo;organisation des cours \u00e0 l&rsquo;ann\u00e9e. La p\u00e9dagogie est assur\u00e9e par des b\u00e9n\u00e9voles de l&rsquo;association, toutes et tous passionn\u00e9.es et ayant&#8230;<\/p>\n","protected":false},"author":2,"featured_media":490,"parent":0,"menu_order":0,"comment_status":"closed","ping_status":"closed","template":"","meta":{"_uag_custom_page_level_css":"","_EventAllDay":false,"_EventTimezone":"","_EventStartDate":"","_EventEndDate":"","_EventStartDateUTC":"","_EventEndDateUTC":"","_EventShowMap":false,"_EventShowMapLink":false,"_EventURL":"","_EventCost":"","_EventCostDescription":"","_EventCurrencySymbol":"","_EventCurrencyCode":"","_EventCurrencyPosition":"","_EventDateTimeSeparator":"","_EventTimeRangeSeparator":"","_EventOrganizerID":[],"_EventVenueID":[],"_OrganizerEmail":"","_OrganizerPhone":"","_OrganizerWebsite":"","_VenueAddress":"","_VenueCity":"","_VenueCountry":"","_VenueProvince":"","_VenueState":"","_VenueZip":"","_VenuePhone":"","_VenueURL":"","_VenueStateProvince":"","_VenueLat":"","_VenueLng":"","_VenueShowMap":false,"_VenueShowMapLink":false,"_kad_post_transparent":"","_kad_post_title":"","_kad_post_layout":"","_kad_post_sidebar_id":"","_kad_post_content_style":"","_kad_post_vertical_padding":"","_kad_post_feature":"","_kad_post_feature_position":"","_kad_post_header":false,"_kad_post_footer":false,"_starter_page_template":"","_wpcom_template_layout_category":[],"footnotes":""},"class_list":["post-255","page","type-page","status-publish","has-post-thumbnail","hentry"],"uagb_featured_image_src":{"full":["https:\/\/lemonswing.freebyte.fr\/wp-content\/uploads\/2024\/09\/Design-sans-titre-6.png",6912,3456,false],"thumbnail":["https:\/\/lemonswing.freebyte.fr\/wp-content\/uploads\/2024\/09\/Design-sans-titre-6-150x150.png",150,150,true],"medium":["https:\/\/lemonswing.freebyte.fr\/wp-content\/uploads\/2024\/09\/Design-sans-titre-6-300x150.png",300,150,true],"medium_large":["https:\/\/lemonswing.freebyte.fr\/wp-content\/uploads\/2024\/09\/Design-sans-titre-6-768x384.png",768,384,true],"large":["https:\/\/lemonswing.freebyte.fr\/wp-content\/uploads\/2024\/09\/Design-sans-titre-6-1024x512.png",1024,512,true],"1536x1536":["https:\/\/lemonswing.freebyte.fr\/wp-content\/uploads\/2024\/09\/Design-sans-titre-6-1536x768.png",1536,768,true],"2048x2048":["https:\/\/lemonswing.freebyte.fr\/wp-content\/uploads\/2024\/09\/Design-sans-titre-6-2048x1024.png",2048,1024,true],"newspack-article-block-landscape-large":["https:\/\/lemonswing.freebyte.fr\/wp-content\/uploads\/2024\/09\/Design-sans-titre-6-1200x900.png",1200,900,true],"newspack-article-block-portrait-large":["https:\/\/lemonswing.freebyte.fr\/wp-content\/uploads\/2024\/09\/Design-sans-titre-6-900x1200.png",900,1200,true],"newspack-article-block-square-large":["https:\/\/lemonswing.freebyte.fr\/wp-content\/uploads\/2024\/09\/Design-sans-titre-6-1200x1200.png",1200,1200,true],"newspack-article-block-landscape-medium":["https:\/\/lemonswing.freebyte.fr\/wp-content\/uploads\/2024\/09\/Design-sans-titre-6-800x600.png",800,600,true],"newspack-article-block-portrait-medium":["https:\/\/lemonswing.freebyte.fr\/wp-content\/uploads\/2024\/09\/Design-sans-titre-6-600x800.png",600,800,true],"newspack-article-block-square-medium":["https:\/\/lemonswing.freebyte.fr\/wp-content\/uploads\/2024\/09\/Design-sans-titre-6-800x800.png",800,800,true],"newspack-article-block-landscape-intermediate":["https:\/\/lemonswing.freebyte.fr\/wp-content\/uploads\/2024\/09\/Design-sans-titre-6-600x450.png",600,450,true],"newspack-article-block-portrait-intermediate":["https:\/\/lemonswing.freebyte.fr\/wp-content\/uploads\/2024\/09\/Design-sans-titre-6-450x600.png",450,600,true],"newspack-article-block-square-intermediate":["https:\/\/lemonswing.freebyte.fr\/wp-content\/uploads\/2024\/09\/Design-sans-titre-6-600x600.png",600,600,true],"newspack-article-block-landscape-small":["https:\/\/lemonswing.freebyte.fr\/wp-content\/uploads\/2024\/09\/Design-sans-titre-6-400x300.png",400,300,true],"newspack-article-block-portrait-small":["https:\/\/lemonswing.freebyte.fr\/wp-content\/uploads\/2024\/09\/Design-sans-titre-6-300x400.png",300,400,true],"newspack-article-block-square-small":["https:\/\/lemonswing.freebyte.fr\/wp-content\/uploads\/2024\/09\/Design-sans-titre-6-400x400.png",400,400,true],"newspack-article-block-landscape-tiny":["https:\/\/lemonswing.freebyte.fr\/wp-content\/uploads\/2024\/09\/Design-sans-titre-6-200x150.png",200,150,true],"newspack-article-block-portrait-tiny":["https:\/\/lemonswing.freebyte.fr\/wp-content\/uploads\/2024\/09\/Design-sans-titre-6-150x200.png",150,200,true],"newspack-article-block-square-tiny":["https:\/\/lemonswing.freebyte.fr\/wp-content\/uploads\/2024\/09\/Design-sans-titre-6-200x200.png",200,200,true],"newspack-article-block-uncropped":["https:\/\/lemonswing.freebyte.fr\/wp-content\/uploads\/2024\/09\/Design-sans-titre-6-1200x600.png",1200,600,true]},"uagb_author_info":{"display_name":"lelaumic","author_link":"https:\/\/lemonswing.freebyte.fr\/?author=2"},"uagb_comment_info":0,"uagb_excerpt":"L&rsquo;association Lemon Swing ne salarie pas de professeur.es dipl\u00f4m\u00e9.es pour l&rsquo;organisation des cours \u00e0 l&rsquo;ann\u00e9e. La p\u00e9dagogie est assur\u00e9e par des b\u00e9n\u00e9voles de l&rsquo;association, toutes et tous passionn\u00e9.es et ayant...","_links":{"self":[{"href":"https:\/\/lemonswing.freebyte.fr\/index.php?rest_route=\/wp\/v2\/pages\/255","targetHints":{"allow":["GET"]}}],"collection":[{"href":"https:\/\/lemonswing.freebyte.fr\/index.php?rest_route=\/wp\/v2\/pages"}],"about":[{"href":"https:\/\/lemonswing.freebyte.fr\/index.php?rest_route=\/wp\/v2\/types\/page"}],"author":[{"embeddable":true,"href":"https:\/\/lemonswing.freebyte.fr\/index.php?rest_route=\/wp\/v2\/users\/2"}],"replies":[{"embeddable":true,"href":"https:\/\/lemonswing.freebyte.fr\/index.php?rest_route=%2Fwp%2Fv2%2Fcomments&post=255"}],"version-history":[{"count":16,"href":"https:\/\/lemonswing.freebyte.fr\/index.php?rest_route=\/wp\/v2\/pages\/255\/revisions"}],"predecessor-version":[{"id":520,"href":"https:\/\/lemonswing.freebyte.fr\/index.php?rest_route=\/wp\/v2\/pages\/255\/revisions\/520"}],"wp:featuredmedia":[{"embeddable":true,"href":"https:\/\/lemonswing.freebyte.fr\/index.php?rest_route=\/wp\/v2\/media\/490"}],"wp:attachment":[{"href":"https:\/\/lemonswing.freebyte.fr\/index.php?rest_route=%2Fwp%2Fv2%2Fmedia&parent=255"}],"curies":[{"name":"wp","href":"https:\/\/api.w.org\/{rel}","templated":true}]}}