{"id":279,"date":"2024-09-02T21:08:09","date_gmt":"2024-09-02T19:08:09","guid":{"rendered":"https:\/\/lemonswing.freebyte.fr\/?page_id=279"},"modified":"2024-09-07T15:59:31","modified_gmt":"2024-09-07T13:59:31","slug":"lindy-hop","status":"publish","type":"page","link":"https:\/\/lemonswing.freebyte.fr\/?page_id=279","title":{"rendered":"Lindy Hop"},"content":{"rendered":"\n<h2 class=\"wp-block-heading\">Histoire<\/h2>\n\n\n\n<p>Le Lindy Hop est une danse de soci\u00e9t\u00e9 afro-am\u00e9ricaine n\u00e9e au milieu des ann\u00e9es 1920 \u00e0 Harlem (New York).<br>Le Lindy Hop est une des danses, avec le Jazz Roots notamment, qui ont \u00e9merg\u00e9 de la musique swing, courant du jazz en vogue \u00e0 cette \u00e9poque. Il s\u2019est en particulier d\u00e9ploy\u00e9 \u00e0 partir de l\u2019ouverture du Savoy Ballroom en 1926. Ce club se voulait un lieu raffin\u00e9 et non discriminatoire, contrairement aux autres clubs qui pratiquaient la s\u00e9gr\u00e9gation.<br>Le Lindy Hop a connu un regain de popularit\u00e9 et de m\u00e9diatisation \u00e0 partir des ann\u00e9es 1980, \u00e0 la suite de la forte implication de plusieurs danseurs et danseuses ayant particip\u00e9 \u00e0 son d\u00e9veloppement pendant l\u2019\u00e8re swing, comme Frankie Manning, Norma Miller et Al Minns. Il existe aujourd\u2019hui de nombreuses sc\u00e8nes o\u00f9 le Lindy Hop existe et se transforme dans le cadre d\u2019\u00e9v\u00e9nements festifs locaux et internationaux.<\/p>\n\n\n\n<h2 class=\"wp-block-heading\">En vid\u00e9o<\/h2>\n\n\n\n<figure class=\"wp-block-embed is-type-video is-provider-youtube wp-block-embed-youtube wp-embed-aspect-4-3 wp-has-aspect-ratio\"><div class=\"wp-block-embed__wrapper\">\n<iframe loading=\"lazy\" title=\"Whiteys Lindy Hoppers .. Hellzapoppin.\" width=\"720\" height=\"540\" src=\"https:\/\/www.youtube.com\/embed\/ahoJReiCaPk?feature=oembed\" frameborder=\"0\" allow=\"accelerometer; autoplay; clipboard-write; encrypted-media; gyroscope; picture-in-picture; web-share\" referrerpolicy=\"strict-origin-when-cross-origin\" allowfullscreen><\/iframe>\n<\/div><\/figure>\n\n\n\n<figure class=\"wp-block-embed is-type-video is-provider-youtube wp-block-embed-youtube wp-embed-aspect-16-9 wp-has-aspect-ratio\"><div class=\"wp-block-embed__wrapper\">\n<iframe loading=\"lazy\" title=\"Lindy Focus XX Performance - Alice Bourgasser &amp; Michel Campeau\" width=\"720\" height=\"405\" src=\"https:\/\/www.youtube.com\/embed\/_HS2gF7fuU0?feature=oembed\" frameborder=\"0\" allow=\"accelerometer; autoplay; clipboard-write; encrypted-media; gyroscope; picture-in-picture; web-share\" referrerpolicy=\"strict-origin-when-cross-origin\" allowfullscreen><\/iframe>\n<\/div><\/figure>\n\n\n\n<figure class=\"wp-block-embed is-type-video is-provider-youtube wp-block-embed-youtube wp-embed-aspect-16-9 wp-has-aspect-ratio\"><div class=\"wp-block-embed__wrapper\">\n<iframe loading=\"lazy\" title=\"Pavli &amp; Peter - Like It Is | Heart Of Dixie\" width=\"720\" height=\"405\" src=\"https:\/\/www.youtube.com\/embed\/Luw1BMhmpvQ?feature=oembed\" frameborder=\"0\" allow=\"accelerometer; autoplay; clipboard-write; encrypted-media; gyroscope; picture-in-picture; web-share\" referrerpolicy=\"strict-origin-when-cross-origin\" allowfullscreen><\/iframe>\n<\/div><\/figure>\n\n\n\n<h2 class=\"wp-block-heading\">Niveaux<\/h2>\n\n\n\n<h3 class=\"wp-block-heading\">Niveau 1 \u2013 Fondamentaux<\/h3>\n\n\n\n<p>Pour les personnes n\u2019ayant jamais dans\u00e9 le Lindy Hop, voici un cours qui vous pr\u00e9sentera toutes les bases du Lindy Hop.<\/p>\n\n\n\n<p><strong>Lieu des cours de niveau 1 : <a href=\"https:\/\/www.openstreetmap.org\/node\/1512517346\" data-type=\"link\" data-id=\"https:\/\/www.openstreetmap.org\/way\/87962298\" target=\"_blank\" rel=\"noreferrer noopener\">Salle du Clos des Rocs (lien vers carte)<\/a><\/strong><\/p>\n\n\n\n<h3 class=\"wp-block-heading\">Niveau 2 \u2013 Approfondissements<\/h3>\n\n\n\n<p>Pour les danseurs et danseuses ayant au moins 1 an d\u2019apprentissage du Lindy Hop, voici un cours qui vous permettra d\u2019approfondir les bases, d\u2019apprendre de nombreuses variations et de travailler la musicalit\u00e9.<\/p>\n\n\n\n<p><strong>Lieu des cours de niveau 2 : <a href=\"https:\/\/www.openstreetmap.org\/way\/87962298\" data-type=\"link\" data-id=\"https:\/\/www.openstreetmap.org\/way\/87962298\" target=\"_blank\" rel=\"noreferrer noopener\">Centre socioculturel de la Blaiserie (lien vers carte)<\/a><\/strong><\/p>\n\n\n\n<h3 class=\"wp-block-heading\">Niveau 3 \u2013 Exploration<\/h3>\n\n\n\n<p>Pour les danseurs et danseuses ayant une bonne pratique du Lindy Hop, voici un cours qui vous permettra d\u2019aller plus loin dans votre danse, sur les notions de musicalit\u00e9, d\u2019autonomie dans la danse\u2026<\/p>\n\n\n\n<p><strong>Lieu des cours de niveau 3 : <a href=\"https:\/\/www.openstreetmap.org\/way\/87962298\" data-type=\"link\" data-id=\"https:\/\/www.openstreetmap.org\/way\/87962298\" target=\"_blank\" rel=\"noreferrer noopener\">Centre socioculturel de la Blaiserie (lien vers carte)<\/a><\/strong><\/p>\n\n\n\n<h3 class=\"wp-block-heading\">Important<\/h3>\n\n\n\n<p>A Lemon Swing, nous accordons une importance toute particuli\u00e8re au fait de dissocier le niveau de l&rsquo;ann\u00e9e de pratique. Par exemple, une personne en Lindy Hop 2 peut tout \u00e0 fait avoir pratiqu\u00e9 du swing pendant deux voire trois ans. Il est possible de rester plus qu&rsquo;une ann\u00e9e en Lindy Hop 2, par exemple, pour consolider l&rsquo;apprentissage de votre pratique.<\/p>\n\n\n\n<h2 class=\"wp-block-heading\">Le Lindy Hop par Lemon Swing<\/h2>\n\n\n\n<p><strong>Ce qui est importe pour nous dans la danse :&nbsp;Sensation &#8211; Relation &#8211; Cr\u00e9ation&nbsp;&#8211; Partage<\/strong>.<\/p>\n\n\n\n<p>La technique doit \u00eatre au service de tout \u00e7a, c&rsquo;est un langage commun (base) mais pas une finalit\u00e9. Nous essayons autant que possible d&rsquo;amener autant de musicalit\u00e9, de ressenti, d&rsquo;improvisation et de fun que de technique dans les cours. <\/p>\n\n\n\n<p>Bien s\u00fbr, chaque r\u00f4le, guide ou interpr\u00e8te est ind\u00e9pendant du genre, chacun doit choisir ce qui l&rsquo;attire le plus, ce qui lui convient le mieux.<\/p>\n\n\n\n<p><\/p>\n","protected":false},"excerpt":{"rendered":"<p>Histoire Le Lindy Hop est une danse de soci\u00e9t\u00e9 afro-am\u00e9ricaine n\u00e9e au milieu des ann\u00e9es 1920 \u00e0 Harlem (New York).Le Lindy Hop est une des danses, avec le Jazz Roots&#8230;<\/p>\n","protected":false},"author":2,"featured_media":491,"parent":0,"menu_order":0,"comment_status":"closed","ping_status":"closed","template":"","meta":{"_uag_custom_page_level_css":"","_EventAllDay":false,"_EventTimezone":"","_EventStartDate":"","_EventEndDate":"","_EventStartDateUTC":"","_EventEndDateUTC":"","_EventShowMap":false,"_EventShowMapLink":false,"_EventURL":"","_EventCost":"","_EventCostDescription":"","_EventCurrencySymbol":"","_EventCurrencyCode":"","_EventCurrencyPosition":"","_EventDateTimeSeparator":"","_EventTimeRangeSeparator":"","_EventOrganizerID":[],"_EventVenueID":[],"_OrganizerEmail":"","_OrganizerPhone":"","_OrganizerWebsite":"","_VenueAddress":"","_VenueCity":"","_VenueCountry":"","_VenueProvince":"","_VenueState":"","_VenueZip":"","_VenuePhone":"","_VenueURL":"","_VenueStateProvince":"","_VenueLat":"","_VenueLng":"","_VenueShowMap":false,"_VenueShowMapLink":false,"_kad_post_transparent":"","_kad_post_title":"","_kad_post_layout":"","_kad_post_sidebar_id":"","_kad_post_content_style":"","_kad_post_vertical_padding":"","_kad_post_feature":"","_kad_post_feature_position":"","_kad_post_header":false,"_kad_post_footer":false,"_starter_page_template":"","_wpcom_template_layout_category":[],"footnotes":""},"class_list":["post-279","page","type-page","status-publish","has-post-thumbnail","hentry"],"uagb_featured_image_src":{"full":["https:\/\/lemonswing.freebyte.fr\/wp-content\/uploads\/2024\/09\/Design-sans-titre-7.png",6912,3456,false],"thumbnail":["https:\/\/lemonswing.freebyte.fr\/wp-content\/uploads\/2024\/09\/Design-sans-titre-7-150x150.png",150,150,true],"medium":["https:\/\/lemonswing.freebyte.fr\/wp-content\/uploads\/2024\/09\/Design-sans-titre-7-300x150.png",300,150,true],"medium_large":["https:\/\/lemonswing.freebyte.fr\/wp-content\/uploads\/2024\/09\/Design-sans-titre-7-768x384.png",768,384,true],"large":["https:\/\/lemonswing.freebyte.fr\/wp-content\/uploads\/2024\/09\/Design-sans-titre-7-1024x512.png",1024,512,true],"1536x1536":["https:\/\/lemonswing.freebyte.fr\/wp-content\/uploads\/2024\/09\/Design-sans-titre-7-1536x768.png",1536,768,true],"2048x2048":["https:\/\/lemonswing.freebyte.fr\/wp-content\/uploads\/2024\/09\/Design-sans-titre-7-2048x1024.png",2048,1024,true],"newspack-article-block-landscape-large":["https:\/\/lemonswing.freebyte.fr\/wp-content\/uploads\/2024\/09\/Design-sans-titre-7-1200x900.png",1200,900,true],"newspack-article-block-portrait-large":["https:\/\/lemonswing.freebyte.fr\/wp-content\/uploads\/2024\/09\/Design-sans-titre-7-900x1200.png",900,1200,true],"newspack-article-block-square-large":["https:\/\/lemonswing.freebyte.fr\/wp-content\/uploads\/2024\/09\/Design-sans-titre-7-1200x1200.png",1200,1200,true],"newspack-article-block-landscape-medium":["https:\/\/lemonswing.freebyte.fr\/wp-content\/uploads\/2024\/09\/Design-sans-titre-7-800x600.png",800,600,true],"newspack-article-block-portrait-medium":["https:\/\/lemonswing.freebyte.fr\/wp-content\/uploads\/2024\/09\/Design-sans-titre-7-600x800.png",600,800,true],"newspack-article-block-square-medium":["https:\/\/lemonswing.freebyte.fr\/wp-content\/uploads\/2024\/09\/Design-sans-titre-7-800x800.png",800,800,true],"newspack-article-block-landscape-intermediate":["https:\/\/lemonswing.freebyte.fr\/wp-content\/uploads\/2024\/09\/Design-sans-titre-7-600x450.png",600,450,true],"newspack-article-block-portrait-intermediate":["https:\/\/lemonswing.freebyte.fr\/wp-content\/uploads\/2024\/09\/Design-sans-titre-7-450x600.png",450,600,true],"newspack-article-block-square-intermediate":["https:\/\/lemonswing.freebyte.fr\/wp-content\/uploads\/2024\/09\/Design-sans-titre-7-600x600.png",600,600,true],"newspack-article-block-landscape-small":["https:\/\/lemonswing.freebyte.fr\/wp-content\/uploads\/2024\/09\/Design-sans-titre-7-400x300.png",400,300,true],"newspack-article-block-portrait-small":["https:\/\/lemonswing.freebyte.fr\/wp-content\/uploads\/2024\/09\/Design-sans-titre-7-300x400.png",300,400,true],"newspack-article-block-square-small":["https:\/\/lemonswing.freebyte.fr\/wp-content\/uploads\/2024\/09\/Design-sans-titre-7-400x400.png",400,400,true],"newspack-article-block-landscape-tiny":["https:\/\/lemonswing.freebyte.fr\/wp-content\/uploads\/2024\/09\/Design-sans-titre-7-200x150.png",200,150,true],"newspack-article-block-portrait-tiny":["https:\/\/lemonswing.freebyte.fr\/wp-content\/uploads\/2024\/09\/Design-sans-titre-7-150x200.png",150,200,true],"newspack-article-block-square-tiny":["https:\/\/lemonswing.freebyte.fr\/wp-content\/uploads\/2024\/09\/Design-sans-titre-7-200x200.png",200,200,true],"newspack-article-block-uncropped":["https:\/\/lemonswing.freebyte.fr\/wp-content\/uploads\/2024\/09\/Design-sans-titre-7-1200x600.png",1200,600,true]},"uagb_author_info":{"display_name":"lelaumic","author_link":"https:\/\/lemonswing.freebyte.fr\/?author=2"},"uagb_comment_info":0,"uagb_excerpt":"Histoire Le Lindy Hop est une danse de soci\u00e9t\u00e9 afro-am\u00e9ricaine n\u00e9e au milieu des ann\u00e9es 1920 \u00e0 Harlem (New York).Le Lindy Hop est une des danses, avec le Jazz Roots...","_links":{"self":[{"href":"https:\/\/lemonswing.freebyte.fr\/index.php?rest_route=\/wp\/v2\/pages\/279","targetHints":{"allow":["GET"]}}],"collection":[{"href":"https:\/\/lemonswing.freebyte.fr\/index.php?rest_route=\/wp\/v2\/pages"}],"about":[{"href":"https:\/\/lemonswing.freebyte.fr\/index.php?rest_route=\/wp\/v2\/types\/page"}],"author":[{"embeddable":true,"href":"https:\/\/lemonswing.freebyte.fr\/index.php?rest_route=\/wp\/v2\/users\/2"}],"replies":[{"embeddable":true,"href":"https:\/\/lemonswing.freebyte.fr\/index.php?rest_route=%2Fwp%2Fv2%2Fcomments&post=279"}],"version-history":[{"count":6,"href":"https:\/\/lemonswing.freebyte.fr\/index.php?rest_route=\/wp\/v2\/pages\/279\/revisions"}],"predecessor-version":[{"id":405,"href":"https:\/\/lemonswing.freebyte.fr\/index.php?rest_route=\/wp\/v2\/pages\/279\/revisions\/405"}],"wp:featuredmedia":[{"embeddable":true,"href":"https:\/\/lemonswing.freebyte.fr\/index.php?rest_route=\/wp\/v2\/media\/491"}],"wp:attachment":[{"href":"https:\/\/lemonswing.freebyte.fr\/index.php?rest_route=%2Fwp%2Fv2%2Fmedia&parent=279"}],"curies":[{"name":"wp","href":"https:\/\/api.w.org\/{rel}","templated":true}]}}