{"id":281,"date":"2024-09-02T21:08:09","date_gmt":"2024-09-02T19:08:09","guid":{"rendered":"https:\/\/lemonswing.freebyte.fr\/?page_id=281"},"modified":"2024-09-09T19:27:35","modified_gmt":"2024-09-09T17:27:35","slug":"solo-jazz","status":"publish","type":"page","link":"https:\/\/lemonswing.freebyte.fr\/?page_id=281","title":{"rendered":"Solo Jazz"},"content":{"rendered":"\n<h2 class=\"wp-block-heading\">Histoire<\/h2>\n\n\n\n<p>Le\u00a0<strong>jazz roots<\/strong>\u00a0(aussi appel\u00e9 jazz authentique, jazz traditionnel ou jazz vernaculaire) est la danse\u00a0afro-am\u00e9ricaine\u00a0solo des ann\u00e9es\u00a0swing\u00a0(1920-1940), descendant de certaines\u00a0danses africaines\u00a0et du\u00a0charleston, contemporain du\u00a0Lindy Hop\u00a0et des\u00a0claquettes, et pr\u00e9curseur des danses de rues modernes telles que le\u00a0funk\u00a0et le\u00a0hip-hop.<\/p>\n\n\n\n<p>Le terme \u00ab\u00a0Jazz Roots\u00a0\u00bb est l&rsquo;adaptation du terme\u00a0Danse Vernaculaire\u00a0appliqu\u00e9 au milieu du jazz pour diff\u00e9rencier la danse jazz des ann\u00e9es Swing de la\u00a0danse jazz\u00a0moderne (modern jazz) d\u00e9velopp\u00e9es \u00e0 partir des ann\u00e9es 1940 par des chor\u00e9graphes comme\u00a0Jack Cole,\u00a0Bob Fosse\u00a0ou\u00a0Matt Mattox, qui ont exp\u00e9riment\u00e9 des m\u00e9langes entre diff\u00e9rentes danses (danse classique, danses asiatiques, Claquettes) et fait perdre \u00e0 la danse son ancrage dans le sol, sa rythmique et sa relation intime avec la musique pour trouver une r\u00e9sonance plus sc\u00e9nique.<\/p>\n\n\n\n<h2 class=\"wp-block-heading\">En vid\u00e9o<\/h2>\n\n\n\n<figure class=\"wp-block-embed is-type-video is-provider-youtube wp-block-embed-youtube wp-embed-aspect-16-9 wp-has-aspect-ratio\"><div class=\"wp-block-embed__wrapper\">\n<iframe loading=\"lazy\" title=\"Jazz Roots Dance Festival Paris 2012 - Friday Teacher Intro with the Hot Sugar Band\" width=\"720\" height=\"405\" src=\"https:\/\/www.youtube.com\/embed\/PLI-Whtrdpc?feature=oembed\" frameborder=\"0\" allow=\"accelerometer; autoplay; clipboard-write; encrypted-media; gyroscope; picture-in-picture; web-share\" referrerpolicy=\"strict-origin-when-cross-origin\" allowfullscreen><\/iframe>\n<\/div><\/figure>\n\n\n\n<figure class=\"wp-block-embed is-type-video is-provider-youtube wp-block-embed-youtube wp-embed-aspect-16-9 wp-has-aspect-ratio\"><div class=\"wp-block-embed__wrapper\">\n<iframe loading=\"lazy\" title=\"Athens Rhythm Hop 2019 - Solo Jazz Competition\" width=\"720\" height=\"405\" src=\"https:\/\/www.youtube.com\/embed\/6uTnUWGjTrc?start=203&#038;feature=oembed\" frameborder=\"0\" allow=\"accelerometer; autoplay; clipboard-write; encrypted-media; gyroscope; picture-in-picture; web-share\" referrerpolicy=\"strict-origin-when-cross-origin\" allowfullscreen><\/iframe>\n<\/div><\/figure>\n\n\n\n<p>Des routines tr\u00e8s connues et pratiqu\u00e9es en \u00ab\u00a0social\u00a0\u00bb (terme qui d\u00e9signe les soir\u00e9es, bals et moments de pratique swing) comme le Shim Sham, Tranky Doo ou le Big Apple sont des danses historiques qui permettent aux danseuses et aux danseurs de se retrouver autour d&rsquo;une chor\u00e9graphies communes. Elles sont appel\u00e9es \u00ab\u00a0routines\u00a0\u00bb pour cette raison, et sont souvent enseign\u00e9es dans des cours. A Lemon Swing, l&rsquo;apprentissage du Shim Sham se fait au sein des cours de Solo Jazz, avant d&rsquo;aller plus loin.<\/p>\n\n\n\n<h3 class=\"wp-block-heading\">Le Shim Sham<\/h3>\n\n\n\n<figure class=\"wp-block-embed is-type-video is-provider-youtube wp-block-embed-youtube wp-embed-aspect-16-9 wp-has-aspect-ratio\"><div class=\"wp-block-embed__wrapper\">\n<iframe loading=\"lazy\" title=\"Lindyfest 2016 - Shim Sham\" width=\"720\" height=\"405\" src=\"https:\/\/www.youtube.com\/embed\/2cUPYkJQ29s?feature=oembed\" frameborder=\"0\" allow=\"accelerometer; autoplay; clipboard-write; encrypted-media; gyroscope; picture-in-picture; web-share\" referrerpolicy=\"strict-origin-when-cross-origin\" allowfullscreen><\/iframe>\n<\/div><\/figure>\n\n\n\n<h3 class=\"wp-block-heading\">Le Tranky Doo<\/h3>\n\n\n\n<figure class=\"wp-block-embed is-type-video is-provider-youtube wp-block-embed-youtube wp-embed-aspect-16-9 wp-has-aspect-ratio\"><div class=\"wp-block-embed__wrapper\">\n<iframe loading=\"lazy\" title=\"Tranky Doo - Jazz Steps - Black Bottom\" width=\"720\" height=\"405\" src=\"https:\/\/www.youtube.com\/embed\/Rxl8x7KW2dc?feature=oembed\" frameborder=\"0\" allow=\"accelerometer; autoplay; clipboard-write; encrypted-media; gyroscope; picture-in-picture; web-share\" referrerpolicy=\"strict-origin-when-cross-origin\" allowfullscreen><\/iframe>\n<\/div><\/figure>\n\n\n\n<h3 class=\"wp-block-heading\">Le Big Apple<\/h3>\n\n\n\n<figure class=\"wp-block-embed is-type-video is-provider-youtube wp-block-embed-youtube wp-embed-aspect-16-9 wp-has-aspect-ratio\"><div class=\"wp-block-embed__wrapper\">\n<iframe loading=\"lazy\" title=\"Milano Swing Team - Big Apple Routine\" width=\"720\" height=\"405\" src=\"https:\/\/www.youtube.com\/embed\/0WOwd75L8Bw?feature=oembed\" frameborder=\"0\" allow=\"accelerometer; autoplay; clipboard-write; encrypted-media; gyroscope; picture-in-picture; web-share\" referrerpolicy=\"strict-origin-when-cross-origin\" allowfullscreen><\/iframe>\n<\/div><\/figure>\n","protected":false},"excerpt":{"rendered":"<p>Histoire Le\u00a0jazz roots\u00a0(aussi appel\u00e9 jazz authentique, jazz traditionnel ou jazz vernaculaire) est la danse\u00a0afro-am\u00e9ricaine\u00a0solo des ann\u00e9es\u00a0swing\u00a0(1920-1940), descendant de certaines\u00a0danses africaines\u00a0et du\u00a0charleston, contemporain du\u00a0Lindy Hop\u00a0et des\u00a0claquettes, et pr\u00e9curseur des danses de&#8230;<\/p>\n","protected":false},"author":2,"featured_media":521,"parent":0,"menu_order":0,"comment_status":"closed","ping_status":"closed","template":"","meta":{"_uag_custom_page_level_css":"","_EventAllDay":false,"_EventTimezone":"","_EventStartDate":"","_EventEndDate":"","_EventStartDateUTC":"","_EventEndDateUTC":"","_EventShowMap":false,"_EventShowMapLink":false,"_EventURL":"","_EventCost":"","_EventCostDescription":"","_EventCurrencySymbol":"","_EventCurrencyCode":"","_EventCurrencyPosition":"","_EventDateTimeSeparator":"","_EventTimeRangeSeparator":"","_EventOrganizerID":[],"_EventVenueID":[],"_OrganizerEmail":"","_OrganizerPhone":"","_OrganizerWebsite":"","_VenueAddress":"","_VenueCity":"","_VenueCountry":"","_VenueProvince":"","_VenueState":"","_VenueZip":"","_VenuePhone":"","_VenueURL":"","_VenueStateProvince":"","_VenueLat":"","_VenueLng":"","_VenueShowMap":false,"_VenueShowMapLink":false,"_kad_post_transparent":"","_kad_post_title":"","_kad_post_layout":"","_kad_post_sidebar_id":"","_kad_post_content_style":"","_kad_post_vertical_padding":"","_kad_post_feature":"","_kad_post_feature_position":"","_kad_post_header":false,"_kad_post_footer":false,"_starter_page_template":"","_wpcom_template_layout_category":[],"footnotes":""},"class_list":["post-281","page","type-page","status-publish","has-post-thumbnail","hentry"],"uagb_featured_image_src":{"full":["https:\/\/lemonswing.freebyte.fr\/wp-content\/uploads\/2024\/09\/Design-sans-titre-13.png",6912,3456,false],"thumbnail":["https:\/\/lemonswing.freebyte.fr\/wp-content\/uploads\/2024\/09\/Design-sans-titre-13-150x150.png",150,150,true],"medium":["https:\/\/lemonswing.freebyte.fr\/wp-content\/uploads\/2024\/09\/Design-sans-titre-13-300x150.png",300,150,true],"medium_large":["https:\/\/lemonswing.freebyte.fr\/wp-content\/uploads\/2024\/09\/Design-sans-titre-13-768x384.png",768,384,true],"large":["https:\/\/lemonswing.freebyte.fr\/wp-content\/uploads\/2024\/09\/Design-sans-titre-13-1024x512.png",1024,512,true],"1536x1536":["https:\/\/lemonswing.freebyte.fr\/wp-content\/uploads\/2024\/09\/Design-sans-titre-13-1536x768.png",1536,768,true],"2048x2048":["https:\/\/lemonswing.freebyte.fr\/wp-content\/uploads\/2024\/09\/Design-sans-titre-13-2048x1024.png",2048,1024,true],"newspack-article-block-landscape-large":["https:\/\/lemonswing.freebyte.fr\/wp-content\/uploads\/2024\/09\/Design-sans-titre-13-1200x900.png",1200,900,true],"newspack-article-block-portrait-large":["https:\/\/lemonswing.freebyte.fr\/wp-content\/uploads\/2024\/09\/Design-sans-titre-13-900x1200.png",900,1200,true],"newspack-article-block-square-large":["https:\/\/lemonswing.freebyte.fr\/wp-content\/uploads\/2024\/09\/Design-sans-titre-13-1200x1200.png",1200,1200,true],"newspack-article-block-landscape-medium":["https:\/\/lemonswing.freebyte.fr\/wp-content\/uploads\/2024\/09\/Design-sans-titre-13-800x600.png",800,600,true],"newspack-article-block-portrait-medium":["https:\/\/lemonswing.freebyte.fr\/wp-content\/uploads\/2024\/09\/Design-sans-titre-13-600x800.png",600,800,true],"newspack-article-block-square-medium":["https:\/\/lemonswing.freebyte.fr\/wp-content\/uploads\/2024\/09\/Design-sans-titre-13-800x800.png",800,800,true],"newspack-article-block-landscape-intermediate":["https:\/\/lemonswing.freebyte.fr\/wp-content\/uploads\/2024\/09\/Design-sans-titre-13-600x450.png",600,450,true],"newspack-article-block-portrait-intermediate":["https:\/\/lemonswing.freebyte.fr\/wp-content\/uploads\/2024\/09\/Design-sans-titre-13-450x600.png",450,600,true],"newspack-article-block-square-intermediate":["https:\/\/lemonswing.freebyte.fr\/wp-content\/uploads\/2024\/09\/Design-sans-titre-13-600x600.png",600,600,true],"newspack-article-block-landscape-small":["https:\/\/lemonswing.freebyte.fr\/wp-content\/uploads\/2024\/09\/Design-sans-titre-13-400x300.png",400,300,true],"newspack-article-block-portrait-small":["https:\/\/lemonswing.freebyte.fr\/wp-content\/uploads\/2024\/09\/Design-sans-titre-13-300x400.png",300,400,true],"newspack-article-block-square-small":["https:\/\/lemonswing.freebyte.fr\/wp-content\/uploads\/2024\/09\/Design-sans-titre-13-400x400.png",400,400,true],"newspack-article-block-landscape-tiny":["https:\/\/lemonswing.freebyte.fr\/wp-content\/uploads\/2024\/09\/Design-sans-titre-13-200x150.png",200,150,true],"newspack-article-block-portrait-tiny":["https:\/\/lemonswing.freebyte.fr\/wp-content\/uploads\/2024\/09\/Design-sans-titre-13-150x200.png",150,200,true],"newspack-article-block-square-tiny":["https:\/\/lemonswing.freebyte.fr\/wp-content\/uploads\/2024\/09\/Design-sans-titre-13-200x200.png",200,200,true],"newspack-article-block-uncropped":["https:\/\/lemonswing.freebyte.fr\/wp-content\/uploads\/2024\/09\/Design-sans-titre-13-1200x600.png",1200,600,true]},"uagb_author_info":{"display_name":"lelaumic","author_link":"https:\/\/lemonswing.freebyte.fr\/?author=2"},"uagb_comment_info":0,"uagb_excerpt":"Histoire Le\u00a0jazz roots\u00a0(aussi appel\u00e9 jazz authentique, jazz traditionnel ou jazz vernaculaire) est la danse\u00a0afro-am\u00e9ricaine\u00a0solo des ann\u00e9es\u00a0swing\u00a0(1920-1940), descendant de certaines\u00a0danses africaines\u00a0et du\u00a0charleston, contemporain du\u00a0Lindy Hop\u00a0et des\u00a0claquettes, et pr\u00e9curseur des danses de...","_links":{"self":[{"href":"https:\/\/lemonswing.freebyte.fr\/index.php?rest_route=\/wp\/v2\/pages\/281","targetHints":{"allow":["GET"]}}],"collection":[{"href":"https:\/\/lemonswing.freebyte.fr\/index.php?rest_route=\/wp\/v2\/pages"}],"about":[{"href":"https:\/\/lemonswing.freebyte.fr\/index.php?rest_route=\/wp\/v2\/types\/page"}],"author":[{"embeddable":true,"href":"https:\/\/lemonswing.freebyte.fr\/index.php?rest_route=\/wp\/v2\/users\/2"}],"replies":[{"embeddable":true,"href":"https:\/\/lemonswing.freebyte.fr\/index.php?rest_route=%2Fwp%2Fv2%2Fcomments&post=281"}],"version-history":[{"count":2,"href":"https:\/\/lemonswing.freebyte.fr\/index.php?rest_route=\/wp\/v2\/pages\/281\/revisions"}],"predecessor-version":[{"id":396,"href":"https:\/\/lemonswing.freebyte.fr\/index.php?rest_route=\/wp\/v2\/pages\/281\/revisions\/396"}],"wp:featuredmedia":[{"embeddable":true,"href":"https:\/\/lemonswing.freebyte.fr\/index.php?rest_route=\/wp\/v2\/media\/521"}],"wp:attachment":[{"href":"https:\/\/lemonswing.freebyte.fr\/index.php?rest_route=%2Fwp%2Fv2%2Fmedia&parent=281"}],"curies":[{"name":"wp","href":"https:\/\/api.w.org\/{rel}","templated":true}]}}