{"id":357,"date":"2024-09-04T23:45:42","date_gmt":"2024-09-04T21:45:42","guid":{"rendered":"https:\/\/lemonswing.freebyte.fr\/?page_id=357"},"modified":"2024-09-06T17:10:31","modified_gmt":"2024-09-06T15:10:31","slug":"tarifs","status":"publish","type":"page","link":"https:\/\/lemonswing.freebyte.fr\/?page_id=357","title":{"rendered":"Inscriptions"},"content":{"rendered":"\n<p>L&rsquo;inscription se fait en ligne via la plateforme Hello Asso.<\/p>\n\n\n\n<p>L&rsquo;adh\u00e9sion \u00e0 l&rsquo;association est obligatoire.<\/p>\n\n\n\n<div class=\"wp-block-buttons is-layout-flex wp-block-buttons-is-layout-flex\">\n<div class=\"wp-block-button is-style-outline is-style-outline--1\"><a class=\"wp-block-button__link wp-element-button\">Formulaire de pr\u00e9-inscription<\/a><\/div>\n<\/div>\n\n\n\n<h2 class=\"wp-block-heading\">Tarifs<\/h2>\n\n\n\n<ul class=\"wp-block-list\">\n<li>L\u2019adh\u00e9sion \u00e0 l\u2019association Lemon Swing est obligatoire :&nbsp;<strong>20\u20ac pour l\u2019ann\u00e9e scolaire.<\/strong><\/li>\n\n\n\n<li>Les inscriptions se font pour une ann\u00e9e scolaire compl\u00e8te&nbsp;(~30 cours de 1h30),&nbsp;sur un cr\u00e9neau fixe, au&nbsp;<strong>prix plein tarif de 150\u20ac<\/strong>.<\/li>\n\n\n\n<li>En cas d\u2019inscription \u00e0 plusieurs cours (e.g. Lindy 2 et Jazz Roots, ou Lindy 1 guide et Lindy 3 interpr\u00e8te), les cours additionnels sont propos\u00e9s&nbsp;<strong>au tarif r\u00e9duit de 75\u20ac<\/strong>.<\/li>\n\n\n\n<li>En cas de faibles revenus, nous pouvons proposer au cas par cas un tarif r\u00e9duit d\u00e8s le premier cours. Nous contacter.<\/li>\n<\/ul>\n\n\n\n<p>Exemple : Michel s\u2019inscrit au cours de Lindy 2 et au cours de Jazz Roots. Pour l\u2019ann\u00e9e il devra payer : 20\u20ac (cotisation) + 150\u20ac (1er cours) + 75\u20ac (cours additionnel) = 245\u20ac<\/p>\n\n\n\n<h2 class=\"wp-block-heading\">Semaine type<\/h2>\n\n\n\n<figure class=\"wp-block-table is-style-stripes has-medium-font-size\"><table class=\"has-theme-palette-3-color has-text-color has-link-color\" style=\"border-width:1px\"><tbody><tr><td class=\"has-text-align-center\" data-align=\"center\"><\/td><td class=\"has-text-align-center\" data-align=\"center\"><strong>LUNDI<\/strong><\/td><td class=\"has-text-align-center\" data-align=\"center\"><strong>MARDI<\/strong><\/td><td class=\"has-text-align-center\" data-align=\"center\"><strong>MERCREDI<\/strong><\/td><td class=\"has-text-align-center\" data-align=\"center\"><strong>JEUDI<\/strong><\/td><td class=\"has-text-align-center\" data-align=\"center\"><strong>VENDREDI<\/strong><\/td><\/tr><tr><td class=\"has-text-align-center\" data-align=\"center\"><strong>19h-20h30<\/strong><\/td><td class=\"has-text-align-center\" data-align=\"center\">LINDY HOP 3<br><br>Sandrine et Quentin<br><br>La Blaiserie<\/td><td class=\"has-text-align-center\" data-align=\"center\">Pratique libre<\/td><td class=\"has-text-align-center\" data-align=\"center\"><strong>LINDY HOP 1<\/strong><br><br>L\u00e9na et Nina<br><br>Clos des Rocs<\/td><td class=\"has-text-align-center\" data-align=\"center\">Pas de cours<\/td><td class=\"has-text-align-center\" data-align=\"center\">Pas de cours<\/td><\/tr><tr><td class=\"has-text-align-center\" data-align=\"center\"><strong>20h45-22h15<\/strong><\/td><td class=\"has-text-align-center\" data-align=\"center\">LINDY HOP 2<br><br>Aline et Micka<br><br>La Blaiserie<\/td><td class=\"has-text-align-center\" data-align=\"center\">Pratique libre<\/td><td class=\"has-text-align-center\" data-align=\"center\">SOLO JAZZ<br><br>L\u00e9na et Nina<br><br>Clos des Rocs<\/td><td class=\"has-text-align-center\" data-align=\"center\">Pas de cours<\/td><td class=\"has-text-align-center\" data-align=\"center\">Pas de cours<\/td><\/tr><\/tbody><\/table><\/figure>\n","protected":false},"excerpt":{"rendered":"<p>L&rsquo;inscription se fait en ligne via la plateforme Hello Asso. L&rsquo;adh\u00e9sion \u00e0 l&rsquo;association est obligatoire. Tarifs Exemple : Michel s\u2019inscrit au cours de Lindy 2 et au cours de Jazz&#8230;<\/p>\n","protected":false},"author":2,"featured_media":383,"parent":0,"menu_order":0,"comment_status":"closed","ping_status":"closed","template":"","meta":{"_uag_custom_page_level_css":"","_EventAllDay":false,"_EventTimezone":"","_EventStartDate":"","_EventEndDate":"","_EventStartDateUTC":"","_EventEndDateUTC":"","_EventShowMap":false,"_EventShowMapLink":false,"_EventURL":"","_EventCost":"","_EventCostDescription":"","_EventCurrencySymbol":"","_EventCurrencyCode":"","_EventCurrencyPosition":"","_EventDateTimeSeparator":"","_EventTimeRangeSeparator":"","_EventOrganizerID":[],"_EventVenueID":[],"_OrganizerEmail":"","_OrganizerPhone":"","_OrganizerWebsite":"","_VenueAddress":"","_VenueCity":"","_VenueCountry":"","_VenueProvince":"","_VenueState":"","_VenueZip":"","_VenuePhone":"","_VenueURL":"","_VenueStateProvince":"","_VenueLat":"","_VenueLng":"","_VenueShowMap":false,"_VenueShowMapLink":false,"_kad_post_transparent":"","_kad_post_title":"","_kad_post_layout":"","_kad_post_sidebar_id":"","_kad_post_content_style":"","_kad_post_vertical_padding":"","_kad_post_feature":"","_kad_post_feature_position":"","_kad_post_header":false,"_kad_post_footer":false,"_starter_page_template":"","_wpcom_template_layout_category":[],"footnotes":""},"class_list":["post-357","page","type-page","status-publish","has-post-thumbnail","hentry"],"uagb_featured_image_src":{"full":["https:\/\/lemonswing.freebyte.fr\/wp-content\/uploads\/2024\/09\/lflo-lemon-swing-transmetteurs-83.jpg",1280,812,false],"thumbnail":["https:\/\/lemonswing.freebyte.fr\/wp-content\/uploads\/2024\/09\/lflo-lemon-swing-transmetteurs-83-150x150.jpg",150,150,true],"medium":["https:\/\/lemonswing.freebyte.fr\/wp-content\/uploads\/2024\/09\/lflo-lemon-swing-transmetteurs-83-300x190.jpg",300,190,true],"medium_large":["https:\/\/lemonswing.freebyte.fr\/wp-content\/uploads\/2024\/09\/lflo-lemon-swing-transmetteurs-83-768x487.jpg",768,487,true],"large":["https:\/\/lemonswing.freebyte.fr\/wp-content\/uploads\/2024\/09\/lflo-lemon-swing-transmetteurs-83-1024x650.jpg",1024,650,true],"1536x1536":["https:\/\/lemonswing.freebyte.fr\/wp-content\/uploads\/2024\/09\/lflo-lemon-swing-transmetteurs-83.jpg",1280,812,false],"2048x2048":["https:\/\/lemonswing.freebyte.fr\/wp-content\/uploads\/2024\/09\/lflo-lemon-swing-transmetteurs-83.jpg",1280,812,false],"newspack-article-block-landscape-large":["https:\/\/lemonswing.freebyte.fr\/wp-content\/uploads\/2024\/09\/lflo-lemon-swing-transmetteurs-83-1200x812.jpg",1200,812,true],"newspack-article-block-portrait-large":["https:\/\/lemonswing.freebyte.fr\/wp-content\/uploads\/2024\/09\/lflo-lemon-swing-transmetteurs-83-900x812.jpg",900,812,true],"newspack-article-block-square-large":["https:\/\/lemonswing.freebyte.fr\/wp-content\/uploads\/2024\/09\/lflo-lemon-swing-transmetteurs-83-1200x812.jpg",1200,812,true],"newspack-article-block-landscape-medium":["https:\/\/lemonswing.freebyte.fr\/wp-content\/uploads\/2024\/09\/lflo-lemon-swing-transmetteurs-83-800x600.jpg",800,600,true],"newspack-article-block-portrait-medium":["https:\/\/lemonswing.freebyte.fr\/wp-content\/uploads\/2024\/09\/lflo-lemon-swing-transmetteurs-83-600x800.jpg",600,800,true],"newspack-article-block-square-medium":["https:\/\/lemonswing.freebyte.fr\/wp-content\/uploads\/2024\/09\/lflo-lemon-swing-transmetteurs-83-800x800.jpg",800,800,true],"newspack-article-block-landscape-intermediate":["https:\/\/lemonswing.freebyte.fr\/wp-content\/uploads\/2024\/09\/lflo-lemon-swing-transmetteurs-83-600x450.jpg",600,450,true],"newspack-article-block-portrait-intermediate":["https:\/\/lemonswing.freebyte.fr\/wp-content\/uploads\/2024\/09\/lflo-lemon-swing-transmetteurs-83-450x600.jpg",450,600,true],"newspack-article-block-square-intermediate":["https:\/\/lemonswing.freebyte.fr\/wp-content\/uploads\/2024\/09\/lflo-lemon-swing-transmetteurs-83-600x600.jpg",600,600,true],"newspack-article-block-landscape-small":["https:\/\/lemonswing.freebyte.fr\/wp-content\/uploads\/2024\/09\/lflo-lemon-swing-transmetteurs-83-400x300.jpg",400,300,true],"newspack-article-block-portrait-small":["https:\/\/lemonswing.freebyte.fr\/wp-content\/uploads\/2024\/09\/lflo-lemon-swing-transmetteurs-83-300x400.jpg",300,400,true],"newspack-article-block-square-small":["https:\/\/lemonswing.freebyte.fr\/wp-content\/uploads\/2024\/09\/lflo-lemon-swing-transmetteurs-83-400x400.jpg",400,400,true],"newspack-article-block-landscape-tiny":["https:\/\/lemonswing.freebyte.fr\/wp-content\/uploads\/2024\/09\/lflo-lemon-swing-transmetteurs-83-200x150.jpg",200,150,true],"newspack-article-block-portrait-tiny":["https:\/\/lemonswing.freebyte.fr\/wp-content\/uploads\/2024\/09\/lflo-lemon-swing-transmetteurs-83-150x200.jpg",150,200,true],"newspack-article-block-square-tiny":["https:\/\/lemonswing.freebyte.fr\/wp-content\/uploads\/2024\/09\/lflo-lemon-swing-transmetteurs-83-200x200.jpg",200,200,true],"newspack-article-block-uncropped":["https:\/\/lemonswing.freebyte.fr\/wp-content\/uploads\/2024\/09\/lflo-lemon-swing-transmetteurs-83-1200x761.jpg",1200,761,true]},"uagb_author_info":{"display_name":"lelaumic","author_link":"https:\/\/lemonswing.freebyte.fr\/?author=2"},"uagb_comment_info":0,"uagb_excerpt":"L&rsquo;inscription se fait en ligne via la plateforme Hello Asso. L&rsquo;adh\u00e9sion \u00e0 l&rsquo;association est obligatoire. Tarifs Exemple : Michel s\u2019inscrit au cours de Lindy 2 et au cours de Jazz...","_links":{"self":[{"href":"https:\/\/lemonswing.freebyte.fr\/index.php?rest_route=\/wp\/v2\/pages\/357","targetHints":{"allow":["GET"]}}],"collection":[{"href":"https:\/\/lemonswing.freebyte.fr\/index.php?rest_route=\/wp\/v2\/pages"}],"about":[{"href":"https:\/\/lemonswing.freebyte.fr\/index.php?rest_route=\/wp\/v2\/types\/page"}],"author":[{"embeddable":true,"href":"https:\/\/lemonswing.freebyte.fr\/index.php?rest_route=\/wp\/v2\/users\/2"}],"replies":[{"embeddable":true,"href":"https:\/\/lemonswing.freebyte.fr\/index.php?rest_route=%2Fwp%2Fv2%2Fcomments&post=357"}],"version-history":[{"count":3,"href":"https:\/\/lemonswing.freebyte.fr\/index.php?rest_route=\/wp\/v2\/pages\/357\/revisions"}],"predecessor-version":[{"id":401,"href":"https:\/\/lemonswing.freebyte.fr\/index.php?rest_route=\/wp\/v2\/pages\/357\/revisions\/401"}],"wp:featuredmedia":[{"embeddable":true,"href":"https:\/\/lemonswing.freebyte.fr\/index.php?rest_route=\/wp\/v2\/media\/383"}],"wp:attachment":[{"href":"https:\/\/lemonswing.freebyte.fr\/index.php?rest_route=%2Fwp%2Fv2%2Fmedia&parent=357"}],"curies":[{"name":"wp","href":"https:\/\/api.w.org\/{rel}","templated":true}]}}