{"id":36,"date":"2024-05-15T18:17:17","date_gmt":"2024-05-15T16:17:17","guid":{"rendered":"https:\/\/lemonswing.freebyte.fr\/?page_id=36"},"modified":"2024-09-07T16:16:01","modified_gmt":"2024-09-07T14:16:01","slug":"dqsdsqdsqd","status":"publish","type":"page","link":"https:\/\/lemonswing.freebyte.fr\/?page_id=36","title":{"rendered":"L&rsquo;association"},"content":{"rendered":"\n<p> Lemon Swing est une association poitevine d&rsquo;apprentissage et de promotion des danses swing comme le Lindy Hop et le Jazz Roots.<\/p>\n\n\n\n<div class=\"wp-block-media-text is-stacked-on-mobile\" style=\"grid-template-columns:63% auto\"><figure class=\"wp-block-media-text__media\"><img loading=\"lazy\" decoding=\"async\" width=\"1024\" height=\"771\" src=\"https:\/\/lemonswing.freebyte.fr\/wp-content\/uploads\/2024\/08\/452254623_122122260764328323_240772391268533965_n-1-1024x771.jpg\" alt=\"Conseil d'administration\" class=\"wp-image-185 size-full\" srcset=\"https:\/\/lemonswing.freebyte.fr\/wp-content\/uploads\/2024\/08\/452254623_122122260764328323_240772391268533965_n-1-1024x771.jpg 1024w, https:\/\/lemonswing.freebyte.fr\/wp-content\/uploads\/2024\/08\/452254623_122122260764328323_240772391268533965_n-1-300x226.jpg 300w, https:\/\/lemonswing.freebyte.fr\/wp-content\/uploads\/2024\/08\/452254623_122122260764328323_240772391268533965_n-1-768x578.jpg 768w, https:\/\/lemonswing.freebyte.fr\/wp-content\/uploads\/2024\/08\/452254623_122122260764328323_240772391268533965_n-1-1536x1156.jpg 1536w, https:\/\/lemonswing.freebyte.fr\/wp-content\/uploads\/2024\/08\/452254623_122122260764328323_240772391268533965_n-1.jpg 1600w\" sizes=\"auto, (max-width: 1024px) 100vw, 1024px\" \/><\/figure><div class=\"wp-block-media-text__content\">\n<p><em>Photo des citrons qui ont fond\u00e9<\/em><em> l&rsquo;association<\/em>. <\/p>\n\n\n\n<p><em>De gauche \u00e0 droite en haut : Nina, Audrey, Alex, Gwena\u00ebl<br>De gauche \u00e0 droite en bas : Quentin, Am\u00e9lie, L\u00e9na, Sylvain et Micka<\/em><\/p>\n<\/div><\/div>\n\n\n\n<p>N\u00e9e d&rsquo;une envie collective de partager l&rsquo;\u00e9nergie, le plaisir, l&rsquo;histoire et l&rsquo;univers du swing, Lemon Swing propose des cours accessibles \u00e0 toutes et tous, \u00e0 Poitiers, et organise des \u00e9v\u00e9nements permettant de faire vivre cette danse sur le territoire.<\/p>\n\n\n\n<h2 class=\"wp-block-heading\">Pourquoi Lemon Swing ?<\/h2>\n\n\n\n<p>Dans l&rsquo;Antiquit\u00e9, Poitiers s&rsquo;appelait Limonum. Ce fait historique tout \u00e0 fait vrai vient appuyer la v\u00e9ritable envie des membres qui ont fond\u00e9 l&rsquo;association : un nom qui incarne l&rsquo;\u00e9nergie, la fraicheur, le fun et le plaisir de danser du swing.<\/p>\n\n\n\n<h2 class=\"wp-block-heading\">Fonctionnement<\/h2>\n\n\n\n<p>L&rsquo;association Lemon Swing est dirig\u00e9e par un Conseil d&rsquo;administration coll\u00e9gial. Des statuts, un r\u00e8glement int\u00e9rieur et une charte des valeurs forment les bases de la gouvernance de l&rsquo;association qui se veut ouverte envers ses membres. C&rsquo;est pourquoi chaque ann\u00e9e, une assembl\u00e9e g\u00e9n\u00e9rale ordinaire se r\u00e9unit pour faire le point sur l&rsquo;activit\u00e9 de l&rsquo;association.<\/p>\n\n\n\n<h2 class=\"wp-block-heading\">Valeurs associatives<\/h2>\n\n\n\n<ul class=\"wp-block-list\">\n<li>Bienveillance (et conscience)<\/li>\n\n\n\n<li>Fun\/plaisir<\/li>\n\n\n\n<li>Inclusivit\u00e9<\/li>\n\n\n\n<li>Convivialit\u00e9<\/li>\n\n\n\n<li>Education populaire<\/li>\n\n\n\n<li>Collectif\/d\u00e9mocratie<\/li>\n\n\n\n<li>Ecoresponsabilit\u00e9<\/li>\n\n\n\n<li>Porteur d&rsquo;id\u00e9es et d&rsquo;envies<\/li>\n<\/ul>\n\n\n\n<h2 class=\"wp-block-heading\">Valeurs dans la danse<\/h2>\n\n\n\n<ul class=\"wp-block-list\">\n<li>Danse sociale<\/li>\n\n\n\n<li>H\u00e9ritage swing<\/li>\n\n\n\n<li>Musicalit\u00e9<\/li>\n\n\n\n<li>Equit\u00e9 dans le r\u00f4le guide\/interpr\u00e8te, encouragement au switch<\/li>\n<\/ul>\n\n\n\n<h2 class=\"wp-block-heading\">Commissions<\/h2>\n\n\n\n<ul class=\"wp-block-list\">\n<li>Conseil d&rsquo;administration<\/li>\n\n\n\n<li>Commission Ev\u00e8nements\/Workshops<\/li>\n\n\n\n<li>Commission Transmission<\/li>\n\n\n\n<li>Commission Festival<\/li>\n\n\n\n<li>Commission Communication<\/li>\n<\/ul>\n","protected":false},"excerpt":{"rendered":"<p>Lemon Swing est une association poitevine d&rsquo;apprentissage et de promotion des danses swing comme le Lindy Hop et le Jazz Roots. Photo des citrons qui ont fond\u00e9 l&rsquo;association. De gauche&#8230;<\/p>\n","protected":false},"author":1,"featured_media":388,"parent":0,"menu_order":0,"comment_status":"closed","ping_status":"closed","template":"","meta":{"_uag_custom_page_level_css":"","_EventAllDay":false,"_EventTimezone":"","_EventStartDate":"","_EventEndDate":"","_EventStartDateUTC":"","_EventEndDateUTC":"","_EventShowMap":false,"_EventShowMapLink":false,"_EventURL":"","_EventCost":"","_EventCostDescription":"","_EventCurrencySymbol":"","_EventCurrencyCode":"","_EventCurrencyPosition":"","_EventDateTimeSeparator":"","_EventTimeRangeSeparator":"","_EventOrganizerID":[],"_EventVenueID":[],"_OrganizerEmail":"","_OrganizerPhone":"","_OrganizerWebsite":"","_VenueAddress":"","_VenueCity":"","_VenueCountry":"","_VenueProvince":"","_VenueState":"","_VenueZip":"","_VenuePhone":"","_VenueURL":"","_VenueStateProvince":"","_VenueLat":"","_VenueLng":"","_VenueShowMap":false,"_VenueShowMapLink":false,"_kad_post_transparent":"default","_kad_post_title":"default","_kad_post_layout":"default","_kad_post_sidebar_id":"","_kad_post_content_style":"default","_kad_post_vertical_padding":"default","_kad_post_feature":"","_kad_post_feature_position":"","_kad_post_header":false,"_kad_post_footer":false,"_starter_page_template":"","_wpcom_template_layout_category":[],"footnotes":""},"class_list":["post-36","page","type-page","status-publish","has-post-thumbnail","hentry"],"uagb_featured_image_src":{"full":["https:\/\/lemonswing.freebyte.fr\/wp-content\/uploads\/2024\/09\/lflo-lemon-swing-transmetteurs-79.jpg",1280,854,false],"thumbnail":["https:\/\/lemonswing.freebyte.fr\/wp-content\/uploads\/2024\/09\/lflo-lemon-swing-transmetteurs-79-150x150.jpg",150,150,true],"medium":["https:\/\/lemonswing.freebyte.fr\/wp-content\/uploads\/2024\/09\/lflo-lemon-swing-transmetteurs-79-300x200.jpg",300,200,true],"medium_large":["https:\/\/lemonswing.freebyte.fr\/wp-content\/uploads\/2024\/09\/lflo-lemon-swing-transmetteurs-79-768x512.jpg",768,512,true],"large":["https:\/\/lemonswing.freebyte.fr\/wp-content\/uploads\/2024\/09\/lflo-lemon-swing-transmetteurs-79-1024x683.jpg",1024,683,true],"1536x1536":["https:\/\/lemonswing.freebyte.fr\/wp-content\/uploads\/2024\/09\/lflo-lemon-swing-transmetteurs-79.jpg",1280,854,false],"2048x2048":["https:\/\/lemonswing.freebyte.fr\/wp-content\/uploads\/2024\/09\/lflo-lemon-swing-transmetteurs-79.jpg",1280,854,false],"newspack-article-block-landscape-large":["https:\/\/lemonswing.freebyte.fr\/wp-content\/uploads\/2024\/09\/lflo-lemon-swing-transmetteurs-79-1200x854.jpg",1200,854,true],"newspack-article-block-portrait-large":["https:\/\/lemonswing.freebyte.fr\/wp-content\/uploads\/2024\/09\/lflo-lemon-swing-transmetteurs-79-900x854.jpg",900,854,true],"newspack-article-block-square-large":["https:\/\/lemonswing.freebyte.fr\/wp-content\/uploads\/2024\/09\/lflo-lemon-swing-transmetteurs-79-1200x854.jpg",1200,854,true],"newspack-article-block-landscape-medium":["https:\/\/lemonswing.freebyte.fr\/wp-content\/uploads\/2024\/09\/lflo-lemon-swing-transmetteurs-79-800x600.jpg",800,600,true],"newspack-article-block-portrait-medium":["https:\/\/lemonswing.freebyte.fr\/wp-content\/uploads\/2024\/09\/lflo-lemon-swing-transmetteurs-79-600x800.jpg",600,800,true],"newspack-article-block-square-medium":["https:\/\/lemonswing.freebyte.fr\/wp-content\/uploads\/2024\/09\/lflo-lemon-swing-transmetteurs-79-800x800.jpg",800,800,true],"newspack-article-block-landscape-intermediate":["https:\/\/lemonswing.freebyte.fr\/wp-content\/uploads\/2024\/09\/lflo-lemon-swing-transmetteurs-79-600x450.jpg",600,450,true],"newspack-article-block-portrait-intermediate":["https:\/\/lemonswing.freebyte.fr\/wp-content\/uploads\/2024\/09\/lflo-lemon-swing-transmetteurs-79-450x600.jpg",450,600,true],"newspack-article-block-square-intermediate":["https:\/\/lemonswing.freebyte.fr\/wp-content\/uploads\/2024\/09\/lflo-lemon-swing-transmetteurs-79-600x600.jpg",600,600,true],"newspack-article-block-landscape-small":["https:\/\/lemonswing.freebyte.fr\/wp-content\/uploads\/2024\/09\/lflo-lemon-swing-transmetteurs-79-400x300.jpg",400,300,true],"newspack-article-block-portrait-small":["https:\/\/lemonswing.freebyte.fr\/wp-content\/uploads\/2024\/09\/lflo-lemon-swing-transmetteurs-79-300x400.jpg",300,400,true],"newspack-article-block-square-small":["https:\/\/lemonswing.freebyte.fr\/wp-content\/uploads\/2024\/09\/lflo-lemon-swing-transmetteurs-79-400x400.jpg",400,400,true],"newspack-article-block-landscape-tiny":["https:\/\/lemonswing.freebyte.fr\/wp-content\/uploads\/2024\/09\/lflo-lemon-swing-transmetteurs-79-200x150.jpg",200,150,true],"newspack-article-block-portrait-tiny":["https:\/\/lemonswing.freebyte.fr\/wp-content\/uploads\/2024\/09\/lflo-lemon-swing-transmetteurs-79-150x200.jpg",150,200,true],"newspack-article-block-square-tiny":["https:\/\/lemonswing.freebyte.fr\/wp-content\/uploads\/2024\/09\/lflo-lemon-swing-transmetteurs-79-200x200.jpg",200,200,true],"newspack-article-block-uncropped":["https:\/\/lemonswing.freebyte.fr\/wp-content\/uploads\/2024\/09\/lflo-lemon-swing-transmetteurs-79-1200x801.jpg",1200,801,true]},"uagb_author_info":{"display_name":"lemonadmin","author_link":"https:\/\/lemonswing.freebyte.fr\/?author=1"},"uagb_comment_info":0,"uagb_excerpt":"Lemon Swing est une association poitevine d&rsquo;apprentissage et de promotion des danses swing comme le Lindy Hop et le Jazz Roots. Photo des citrons qui ont fond\u00e9 l&rsquo;association. De gauche...","_links":{"self":[{"href":"https:\/\/lemonswing.freebyte.fr\/index.php?rest_route=\/wp\/v2\/pages\/36","targetHints":{"allow":["GET"]}}],"collection":[{"href":"https:\/\/lemonswing.freebyte.fr\/index.php?rest_route=\/wp\/v2\/pages"}],"about":[{"href":"https:\/\/lemonswing.freebyte.fr\/index.php?rest_route=\/wp\/v2\/types\/page"}],"author":[{"embeddable":true,"href":"https:\/\/lemonswing.freebyte.fr\/index.php?rest_route=\/wp\/v2\/users\/1"}],"replies":[{"embeddable":true,"href":"https:\/\/lemonswing.freebyte.fr\/index.php?rest_route=%2Fwp%2Fv2%2Fcomments&post=36"}],"version-history":[{"count":15,"href":"https:\/\/lemonswing.freebyte.fr\/index.php?rest_route=\/wp\/v2\/pages\/36\/revisions"}],"predecessor-version":[{"id":504,"href":"https:\/\/lemonswing.freebyte.fr\/index.php?rest_route=\/wp\/v2\/pages\/36\/revisions\/504"}],"wp:featuredmedia":[{"embeddable":true,"href":"https:\/\/lemonswing.freebyte.fr\/index.php?rest_route=\/wp\/v2\/media\/388"}],"wp:attachment":[{"href":"https:\/\/lemonswing.freebyte.fr\/index.php?rest_route=%2Fwp%2Fv2%2Fmedia&parent=36"}],"curies":[{"name":"wp","href":"https:\/\/api.w.org\/{rel}","templated":true}]}}