{"id":45,"date":"2024-05-15T18:18:29","date_gmt":"2024-05-15T16:18:29","guid":{"rendered":"https:\/\/lemonswing.freebyte.fr\/?page_id=45"},"modified":"2024-09-09T19:33:17","modified_gmt":"2024-09-09T17:33:17","slug":"evenements","status":"publish","type":"page","link":"https:\/\/lemonswing.freebyte.fr\/?page_id=45","title":{"rendered":"Ev\u00e9nements"},"content":{"rendered":"\n<p><\/p>\n\n\n\n<h2 class=\"wp-block-heading has-text-align-center\"><em>Swing Tonic<\/em> le jeudi<\/h2>\n\n\n\n<h3 class=\"wp-block-heading has-text-align-left\">Calendrier<\/h3>\n\n\n\n<ul class=\"wp-block-list\">\n<li>jeudi 17 octobre 2024<\/li>\n\n\n\n<li>jeudi 21 novembre 2024<\/li>\n\n\n\n<li>jeudi 19 d\u00e9cembre 2024<\/li>\n\n\n\n<li>jeudi 23 janvier 2025<\/li>\n\n\n\n<li>jeudi 20 f\u00e9vrier 2025<\/li>\n\n\n\n<li>jeudi 20 mars 2025<\/li>\n\n\n\n<li>jeudi 17 avril 2025<\/li>\n\n\n\n<li>jeudi 15 mai 2025<\/li>\n\n\n\n<li>jeudi 19 juin 2025<\/li>\n\n\n\n<li>jeudi 19 juin 2025<\/li>\n<\/ul>\n\n\n<p><!-- \/wp:post-content --><\/p>\n<p><!-- wp:media-text {\"mediaId\":414,\"mediaLink\":\"https:\/\/lemonswing.freebyte.fr\/?attachment_id=414\",\"mediaType\":\"image\",\"mediaWidth\":48,\"mediaSizeSlug\":\"full\",\"imageFill\":true,\"focalPoint\":{\"x\":0.8,\"y\":0.52}} --><\/p>\n<div class=\"wp-block-media-text is-stacked-on-mobile is-image-fill\" style=\"grid-template-columns: 48% auto;\">\n<figure class=\"wp-block-media-text__media\" style=\"background-image: url('https:\/\/lemonswing.freebyte.fr\/wp-content\/uploads\/2024\/09\/1200x680_image-bis.jpg'); background-position: 80% 52%;\"><img loading=\"lazy\" decoding=\"async\" width=\"1200\" height=\"680\" class=\"wp-image-414 size-full\" src=\"https:\/\/lemonswing.freebyte.fr\/wp-content\/uploads\/2024\/09\/1200x680_image-bis.jpg\" alt=\"Image montrant le lieu appel\u00e9 la Locomotive, \u00e0 Poitiers.\" srcset=\"https:\/\/lemonswing.freebyte.fr\/wp-content\/uploads\/2024\/09\/1200x680_image-bis.jpg 1200w, https:\/\/lemonswing.freebyte.fr\/wp-content\/uploads\/2024\/09\/1200x680_image-bis-300x170.jpg 300w, https:\/\/lemonswing.freebyte.fr\/wp-content\/uploads\/2024\/09\/1200x680_image-bis-1024x580.jpg 1024w, https:\/\/lemonswing.freebyte.fr\/wp-content\/uploads\/2024\/09\/1200x680_image-bis-768x435.jpg 768w\" sizes=\"auto, (max-width: 1200px) 100vw, 1200px\" \/><\/figure>\n<div class=\"wp-block-media-text__content\"><!-- wp:heading {\"level\":3} -->\n<h3 class=\"wp-block-heading\">La Locomotive<\/h3>\n<p><!-- \/wp:heading --><\/p>\n<p><!-- wp:paragraph {\"placeholder\":\"Contenu\u2026\",\"fontSize\":\"small\"} --><\/p>\n<p class=\"has-small-font-size\">La Locomotive, c\u2019est une soci\u00e9t\u00e9 coop\u00e9rative qui entra\u00eene un\u00a0<strong>wagon-bar<\/strong>, une\u00a0<strong>voiture-restaurant<\/strong>\u00a0et d\u2019autres wagons d\u00e9di\u00e9s \u00e0 la pratique de la\u00a0<strong>danse<\/strong>, de la\u00a0<strong>musique<\/strong>\u00a0et de l\u2019<strong>artisanat<\/strong>. Le\u00a0<strong>restaurant<\/strong>\u00a0vous propose une cuisine g\u00e9n\u00e9reuse et vari\u00e9e, avec des formules pour toutes les faims.<\/p>\n<p><!-- \/wp:paragraph --><\/p>\n<p><!-- wp:paragraph {\"placeholder\":\"Contenu\u2026\",\"fontSize\":\"small\"} --><\/p>\n<p class=\"has-small-font-size\"><strong><em>La Locomotive, c&rsquo;est le lieu des Swing Tonic des troisi\u00e8mes jeudi de chaque mois.<\/em><\/strong><\/p>\n<p><!-- \/wp:paragraph --><\/p>\n<p><!-- wp:paragraph {\"placeholder\":\"Contenu\u2026\"} --><\/p>\n<p><a href=\"https:\/\/www.facebook.com\/laloco86\/?locale=fr_FR\" data-type=\"link\" data-id=\"https:\/\/www.facebook.com\/laloco86\/?locale=fr_FR\">Page Facebook<\/a><\/p>\n<p><!-- \/wp:paragraph --><\/p>\n<\/div>\n<\/div>\n<p><!-- \/wp:media-text --><\/p>\n<p><!-- wp:heading {\"textAlign\":\"center\"} --><\/p>\n<h2 class=\"wp-block-heading has-text-align-center\"><em>Zeste de Swing<\/em> le dimanche<\/h2>\n<p><!-- \/wp:heading --><\/p>\n<p><!-- wp:paragraph --><\/p>\n<p>Les Zeste de Swing sont organis\u00e9es chaque premier dimanche du mois au Roof \u00e0 Poitiers.<\/p>\n<p><!-- \/wp:paragraph --><\/p>\n<p><!-- wp:heading {\"level\":3} --><\/p>\n<h3>\u00a0<\/h3>\n<h3 class=\"wp-block-heading\"><!-- wp:media-text {\"mediaId\":523,\"mediaLink\":\"https:\/\/lemonswing.freebyte.fr\/?attachment_id=523\",\"mediaType\":\"image\",\"mediaWidth\":48,\"mediaSizeSlug\":\"full\",\"imageFill\":true} --><\/h3>\n<div class=\"wp-block-media-text is-stacked-on-mobile is-image-fill\">\n<figure class=\"wp-block-media-text__media\"><\/figure>\n<div class=\"wp-block-media-text__content\"><!-- wp:heading {\"level\":3} -->\n<h3 class=\"wp-block-heading\">The Roof<\/h3>\n<!-- \/wp:heading --> <!-- wp:paragraph {\"placeholder\":\"Contenu\u2026\",\"fontSize\":\"small\"} -->\n<p class=\"has-small-font-size\">The Roof Poitiers c&rsquo;est plus de 400m\u00b2 d&rsquo;espace de grimpe pour tous les niveaux, petits et grands, grimpeurs ou non grimpeurs. D&rsquo;autres espaces comme la salle de yoga accueillent d&rsquo;autres activit\u00e9s qui ne sont pas forc\u00e9ment li\u00e9es \u00e0 l&rsquo;escalade.<\/p>\n<!-- \/wp:paragraph --> <!-- wp:paragraph {\"placeholder\":\"Contenu\u2026\",\"fontSize\":\"small\"} -->\n<p class=\"has-small-font-size\"><strong><em>The Roof nous accueille chaque premier dimanche du mois !<\/em><\/strong><\/p>\n<!-- \/wp:paragraph --> <!-- wp:paragraph {\"placeholder\":\"Contenu\u2026\"} -->\n<p><a href=\"https:\/\/www.facebook.com\/theroofpoitiers\/\" data-type=\"link\" data-id=\"https:\/\/www.facebook.com\/laloco86\/?locale=fr_FR\">Page Facebook<\/a><\/p>\n<!-- \/wp:paragraph --><\/div>\n<\/div>\n<h3 class=\"wp-block-heading\"><!-- \/wp:media-text -->Calendrier<\/h3>\n<p><!-- \/wp:heading --><\/p>\n<p><!-- wp:list --><\/p>\n<ul class=\"wp-block-list\">\n<li style=\"list-style-type: none;\">\n<ul class=\"wp-block-list\"><!-- wp:list-item -->\n<li>dimanche 3 novembre 2024<\/li>\n<li>dimanche 1 d\u00e9cembre 2024<\/li>\n<li>dimanche 5 janvier au roof<\/li>\n<li>dimanche 2 f\u00e9vrier au roof<\/li>\n<li>dimanche 2 mars au roof<\/li>\n<li>dimanche 6 avril au roof<\/li>\n<li>dimanche 4 mai au roof<\/li>\n<\/ul>\n<\/li>\n<\/ul>\n<p><!-- \/wp:list-item --><\/p>\n<p><!-- wp:list-item --><\/p>\n<p><!-- \/wp:list-item --><\/p>\n<p><!-- wp:list-item --><\/p>\n<p><!-- \/wp:list-item --><\/p>\n<p><!-- wp:list-item --><\/p>\n<p><!-- \/wp:list-item --><\/p>\n<p><!-- wp:list-item --><\/p>\n<p><!-- \/wp:list-item --><\/p>\n<p><!-- wp:list-item --><\/p>\n<p><!-- \/wp:list-item --><\/p>\n<p><!-- wp:list-item --><\/p>\n<p><!-- \/wp:list-item --><\/p>\n<p><!-- \/wp:list --><\/p>\n<p><!-- wp:media-text {\"mediaId\":417,\"mediaLink\":\"https:\/\/lemonswing.freebyte.fr\/?attachment_id=417\",\"mediaType\":\"image\",\"mediaWidth\":48,\"mediaSizeSlug\":\"full\",\"imageFill\":true} --><\/p>\n<h2 class=\"wp-block-heading has-text-align-center\">Workshops<\/h2>\n<p><!-- \/wp:media-text --><\/p>\n<p><!-- wp:paragraph --><\/p>\n<p>La volont\u00e9 de l\u2019association est de pouvoir proposer, \u00e0 raison d\u2019une fois par trimestre, des stages ou temps forts d\u00e9di\u00e9s \u00e0 des th\u00e9matiques, mouvements, ateliers de swing en particulier, en invitant des intervenantes et intervenants ext\u00e9rieur\u00b7es ou en partageant avec les transmetteurs et transmettrices de l\u2019association. Ces temps seront accessibles \u00e0 toutes et tous, sur inscription payante, qu\u2019il s\u2019agisse de membres de l\u2019association ou non.<\/p>\n<p><!-- \/wp:paragraph --><\/p>\n<p><!-- wp:paragraph --><\/p>\n<p>Plus d\u2019informations \u00e0 venir !<\/p>\n<p><!-- \/wp:paragraph --><\/p>\n<p><!-- wp:heading {\"textAlign\":\"center\"} --><\/p>\n<h2 class=\"wp-block-heading has-text-align-center\">Festival<\/h2>\n<p><!-- \/wp:heading --><\/p>\n<p><!-- wp:paragraph --><\/p>\n<p>C\u00f4t\u00e9 festival, l\u00e0 aussi une commission travaille \u00e0 l\u2019organisation d\u2019un temps fort pendant l\u2019ann\u00e9e, dans le prolongement de l\u2019\u00e9nergie d\u00e9ploy\u00e9e pour le festival, connu et reconnu, organis\u00e9 par la compagnie du Gramophone : La Guinche, qui avait lieu tous les ans au printemps \u00e0 la salle R2B de Vouneuil-sous-Biard.\u00a0<\/p>\n<p><!-- \/wp:paragraph --><\/p>\n<p><!-- wp:paragraph --><\/p>\n<p>Plus d\u2019informations \u00e0 venir !<\/p>\n<p><!-- \/wp:paragraph --><\/p>","protected":false},"excerpt":{"rendered":"<p>Swing Tonic le jeudi Calendrier La Locomotive La Locomotive, c\u2019est une soci\u00e9t\u00e9 coop\u00e9rative qui entra\u00eene un\u00a0wagon-bar, une\u00a0voiture-restaurant\u00a0et d\u2019autres wagons d\u00e9di\u00e9s \u00e0 la pratique de la\u00a0danse, de la\u00a0musique\u00a0et de l\u2019artisanat. Le\u00a0restaurant\u00a0vous&#8230;<\/p>\n","protected":false},"author":1,"featured_media":458,"parent":0,"menu_order":0,"comment_status":"closed","ping_status":"closed","template":"","meta":{"_uag_custom_page_level_css":"","_EventAllDay":false,"_EventTimezone":"","_EventStartDate":"","_EventEndDate":"","_EventStartDateUTC":"","_EventEndDateUTC":"","_EventShowMap":false,"_EventShowMapLink":false,"_EventURL":"","_EventCost":"","_EventCostDescription":"","_EventCurrencySymbol":"","_EventCurrencyCode":"","_EventCurrencyPosition":"","_EventDateTimeSeparator":"","_EventTimeRangeSeparator":"","_EventOrganizerID":[],"_EventVenueID":[],"_OrganizerEmail":"","_OrganizerPhone":"","_OrganizerWebsite":"","_VenueAddress":"","_VenueCity":"","_VenueCountry":"","_VenueProvince":"","_VenueState":"","_VenueZip":"","_VenuePhone":"","_VenueURL":"","_VenueStateProvince":"","_VenueLat":"","_VenueLng":"","_VenueShowMap":false,"_VenueShowMapLink":false,"_kad_post_transparent":"default","_kad_post_title":"default","_kad_post_layout":"default","_kad_post_sidebar_id":"","_kad_post_content_style":"default","_kad_post_vertical_padding":"default","_kad_post_feature":"","_kad_post_feature_position":"","_kad_post_header":false,"_kad_post_footer":false,"_starter_page_template":"","_wpcom_template_layout_category":[],"footnotes":""},"class_list":["post-45","page","type-page","status-publish","has-post-thumbnail","hentry"],"uagb_featured_image_src":{"full":["https:\/\/lemonswing.freebyte.fr\/wp-content\/uploads\/2024\/09\/WhatsApp-Image-2024-09-06-at-19.36.13-scaled.jpeg",1928,2560,false],"thumbnail":["https:\/\/lemonswing.freebyte.fr\/wp-content\/uploads\/2024\/09\/WhatsApp-Image-2024-09-06-at-19.36.13-150x150.jpeg",150,150,true],"medium":["https:\/\/lemonswing.freebyte.fr\/wp-content\/uploads\/2024\/09\/WhatsApp-Image-2024-09-06-at-19.36.13-226x300.jpeg",226,300,true],"medium_large":["https:\/\/lemonswing.freebyte.fr\/wp-content\/uploads\/2024\/09\/WhatsApp-Image-2024-09-06-at-19.36.13-768x1020.jpeg",768,1020,true],"large":["https:\/\/lemonswing.freebyte.fr\/wp-content\/uploads\/2024\/09\/WhatsApp-Image-2024-09-06-at-19.36.13-771x1024.jpeg",771,1024,true],"1536x1536":["https:\/\/lemonswing.freebyte.fr\/wp-content\/uploads\/2024\/09\/WhatsApp-Image-2024-09-06-at-19.36.13-1157x1536.jpeg",1157,1536,true],"2048x2048":["https:\/\/lemonswing.freebyte.fr\/wp-content\/uploads\/2024\/09\/WhatsApp-Image-2024-09-06-at-19.36.13-1542x2048.jpeg",1542,2048,true],"newspack-article-block-landscape-large":["https:\/\/lemonswing.freebyte.fr\/wp-content\/uploads\/2024\/09\/WhatsApp-Image-2024-09-06-at-19.36.13-1200x900.jpeg",1200,900,true],"newspack-article-block-portrait-large":["https:\/\/lemonswing.freebyte.fr\/wp-content\/uploads\/2024\/09\/WhatsApp-Image-2024-09-06-at-19.36.13-900x1200.jpeg",900,1200,true],"newspack-article-block-square-large":["https:\/\/lemonswing.freebyte.fr\/wp-content\/uploads\/2024\/09\/WhatsApp-Image-2024-09-06-at-19.36.13-1200x1200.jpeg",1200,1200,true],"newspack-article-block-landscape-medium":["https:\/\/lemonswing.freebyte.fr\/wp-content\/uploads\/2024\/09\/WhatsApp-Image-2024-09-06-at-19.36.13-800x600.jpeg",800,600,true],"newspack-article-block-portrait-medium":["https:\/\/lemonswing.freebyte.fr\/wp-content\/uploads\/2024\/09\/WhatsApp-Image-2024-09-06-at-19.36.13-600x800.jpeg",600,800,true],"newspack-article-block-square-medium":["https:\/\/lemonswing.freebyte.fr\/wp-content\/uploads\/2024\/09\/WhatsApp-Image-2024-09-06-at-19.36.13-800x800.jpeg",800,800,true],"newspack-article-block-landscape-intermediate":["https:\/\/lemonswing.freebyte.fr\/wp-content\/uploads\/2024\/09\/WhatsApp-Image-2024-09-06-at-19.36.13-600x450.jpeg",600,450,true],"newspack-article-block-portrait-intermediate":["https:\/\/lemonswing.freebyte.fr\/wp-content\/uploads\/2024\/09\/WhatsApp-Image-2024-09-06-at-19.36.13-450x600.jpeg",450,600,true],"newspack-article-block-square-intermediate":["https:\/\/lemonswing.freebyte.fr\/wp-content\/uploads\/2024\/09\/WhatsApp-Image-2024-09-06-at-19.36.13-600x600.jpeg",600,600,true],"newspack-article-block-landscape-small":["https:\/\/lemonswing.freebyte.fr\/wp-content\/uploads\/2024\/09\/WhatsApp-Image-2024-09-06-at-19.36.13-400x300.jpeg",400,300,true],"newspack-article-block-portrait-small":["https:\/\/lemonswing.freebyte.fr\/wp-content\/uploads\/2024\/09\/WhatsApp-Image-2024-09-06-at-19.36.13-300x400.jpeg",300,400,true],"newspack-article-block-square-small":["https:\/\/lemonswing.freebyte.fr\/wp-content\/uploads\/2024\/09\/WhatsApp-Image-2024-09-06-at-19.36.13-400x400.jpeg",400,400,true],"newspack-article-block-landscape-tiny":["https:\/\/lemonswing.freebyte.fr\/wp-content\/uploads\/2024\/09\/WhatsApp-Image-2024-09-06-at-19.36.13-200x150.jpeg",200,150,true],"newspack-article-block-portrait-tiny":["https:\/\/lemonswing.freebyte.fr\/wp-content\/uploads\/2024\/09\/WhatsApp-Image-2024-09-06-at-19.36.13-150x200.jpeg",150,200,true],"newspack-article-block-square-tiny":["https:\/\/lemonswing.freebyte.fr\/wp-content\/uploads\/2024\/09\/WhatsApp-Image-2024-09-06-at-19.36.13-200x200.jpeg",200,200,true],"newspack-article-block-uncropped":["https:\/\/lemonswing.freebyte.fr\/wp-content\/uploads\/2024\/09\/WhatsApp-Image-2024-09-06-at-19.36.13-1200x1594.jpeg",1200,1594,true]},"uagb_author_info":{"display_name":"lemonadmin","author_link":"https:\/\/lemonswing.freebyte.fr\/?author=1"},"uagb_comment_info":0,"uagb_excerpt":"Swing Tonic le jeudi Calendrier La Locomotive La Locomotive, c\u2019est une soci\u00e9t\u00e9 coop\u00e9rative qui entra\u00eene un\u00a0wagon-bar, une\u00a0voiture-restaurant\u00a0et d\u2019autres wagons d\u00e9di\u00e9s \u00e0 la pratique de la\u00a0danse, de la\u00a0musique\u00a0et de l\u2019artisanat. Le\u00a0restaurant\u00a0vous...","_links":{"self":[{"href":"https:\/\/lemonswing.freebyte.fr\/index.php?rest_route=\/wp\/v2\/pages\/45","targetHints":{"allow":["GET"]}}],"collection":[{"href":"https:\/\/lemonswing.freebyte.fr\/index.php?rest_route=\/wp\/v2\/pages"}],"about":[{"href":"https:\/\/lemonswing.freebyte.fr\/index.php?rest_route=\/wp\/v2\/types\/page"}],"author":[{"embeddable":true,"href":"https:\/\/lemonswing.freebyte.fr\/index.php?rest_route=\/wp\/v2\/users\/1"}],"replies":[{"embeddable":true,"href":"https:\/\/lemonswing.freebyte.fr\/index.php?rest_route=%2Fwp%2Fv2%2Fcomments&post=45"}],"version-history":[{"count":12,"href":"https:\/\/lemonswing.freebyte.fr\/index.php?rest_route=\/wp\/v2\/pages\/45\/revisions"}],"predecessor-version":[{"id":528,"href":"https:\/\/lemonswing.freebyte.fr\/index.php?rest_route=\/wp\/v2\/pages\/45\/revisions\/528"}],"wp:featuredmedia":[{"embeddable":true,"href":"https:\/\/lemonswing.freebyte.fr\/index.php?rest_route=\/wp\/v2\/media\/458"}],"wp:attachment":[{"href":"https:\/\/lemonswing.freebyte.fr\/index.php?rest_route=%2Fwp%2Fv2%2Fmedia&parent=45"}],"curies":[{"name":"wp","href":"https:\/\/api.w.org\/{rel}","templated":true}]}}